
{"id":1266,"date":"2020-06-03T20:32:21","date_gmt":"2020-06-03T18:32:21","guid":{"rendered":"https:\/\/www.helpsintl.org\/our-founder\/"},"modified":"2020-08-13T18:45:00","modified_gmt":"2020-08-13T16:45:00","slug":"nuestro-fundador","status":"publish","type":"page","link":"https:\/\/www.helpsintl.org\/es\/nuestro-fundador\/","title":{"rendered":"Nuestro Fundador"},"content":{"rendered":"<section class=\"wpb-content-wrapper\"><p>[vc_section full_width=\u00bbstretch_row_content\u00bb css=\u00bb.vc_custom_1594906559041{background-image: url(https:\/\/www.helpsintl.org\/wp-content\/uploads\/sites\/4\/2020\/07\/bannerourfounder.jpg?id=1095) !important;background-position: center !important;background-repeat: no-repeat !important;background-size: cover !important;}\u00bb el_id=\u00bbbanner\u00bb el_class=\u00bbsection-filter-grey\u00bb][vc_row][vc_column][vc_column_text css=\u00bb.vc_custom_1597075792534{margin-right: 90px !important;margin-left: 90px !important;}\u00bb]<\/p>\n<h1 style=\"text-align: center;\"><span style=\"color: #ffffff;\">Nuestro Fundador<\/span><\/h1>\n<p style=\"text-align: justify;\"><span style=\"color: #ffffff;\">Nos dijimos que si ten\u00edamos la casa nueva, el auto nuevo, la ropa nueva, estar\u00edamos felices. Pero esas cosas no son lo que nos trae felicidad. Lo que nos trae felicidad es el servicio.<\/span><\/p>\n<p style=\"text-align: center;\"><span style=\"color: #ffffff;\">-STEVE MILLER, FUNDADOR Y PRESIDENTE<\/span><\/p>\n<p>[\/vc_column_text][\/vc_column][\/vc_row][\/vc_section][vc_section full_width=\u00bbstretch_row\u00bb el_id=\u00bbabout-us\u00bb css=\u00bb.vc_custom_1590687490584{background-color: #1b4074 !important;}\u00bb][vc_row full_width=\u00bbstretch_row\u00bb][vc_column][vc_column_text css=\u00bb.vc_custom_1597075816029{margin-top: 40px !important;}\u00bb]<\/p>\n<h3 style=\"text-align: center;\"><span style=\"color: #ffffff;\">\u201cLlegamos all\u00ed y vimos el tremendo sufrimiento y pens\u00e9: Tengo que hacer algo. No s\u00e9 qu\u00e9, pero tengo que hacer algo\u00bb.<\/span><\/h3>\n<p>[\/vc_column_text][\/vc_column][\/vc_row][\/vc_section][vc_section][vc_row css=\u00bb.vc_custom_1591735466616{margin-top: 80px !important;}\u00bb][vc_column][vc_column_text]<\/p>\n<p style=\"text-align: center;\"><strong>Habla con cualquiera que haya sido voluntario con HELPS y escucharas una historia incre\u00edble.<\/strong><\/p>\n<p style=\"text-align: justify;\">La historia de un hombre que perdi\u00f3 la vista y su capacidad para trabajar, capaz de volver a ver despu\u00e9s de una cirug\u00eda que pens\u00f3 que nunca podr\u00eda permitirse. Una mujer que ha pasado sus d\u00edas cocinando a fuego abierto dentro de una casa humeante, con una estufa ONIL y la capacidad de mantener a sus hijos seguros y saludables. Agricultores que finalmente pueden cosechar suficientes cultivos para comenzar a salir de la pobreza. Ni\u00f1os cuyos padres solo terminaron el segundo grado recibiendo una educaci\u00f3n de primera clase que los lleva a las mejores universidades del pa\u00eds y luego a mejores trabajos.<\/p>\n<p>[\/vc_column_text][\/vc_column][\/vc_row][vc_row][vc_column width=\u00bb3\/4&#8243;][vc_column_text]<\/p>\n<p style=\"text-align: justify;\">Esas y miles m\u00e1s son las historias de HELPS, y todas comenzaron en un momento en 1981. En el apogeo del conflicto interno de 36 a\u00f1os de Guatemala, el gobierno guatemalteco invit\u00f3 a grupos privados de los Estados Unidos a recorrer su pa\u00eds con la esperanza de traer ayuda. a las zonas afectadas por la pobreza. Steve Miller, un banquero de inversiones con sede en Dallas y CEO de Dillon Gage, acept\u00f3 la invitaci\u00f3n.<\/p>\n<p>[\/vc_column_text][\/vc_column][vc_column width=\u00bb1\/4&#8243;][vc_single_image image=\u00bb1273&#8243; img_size=\u00bb100&#215;100&#8243; alignment=\u00bbcenter\u00bb][\/vc_column][\/vc_row][vc_row][vc_column][vc_column_text]<\/p>\n<p style=\"text-align: justify;\">Cuando Steve comparti\u00f3 sus planes de viaje con su familia, su padre le dijo: \u00abSolo s\u00e9 que si vas en este viaje y ves lo que vas a ver, tu vida nunca ser\u00e1 la misma. Ser\u00e1 mejor que est\u00e9s listo para eso \u00ab. Ten\u00eda raz\u00f3n. La vida de Steve cambi\u00f3 para siempre.<\/p>\n<p>[\/vc_column_text][\/vc_column][\/vc_row][vc_row][vc_column width=\u00bb1\/4&#8243;][vc_single_image image=\u00bb1272&#8243; img_size=\u00bb100&#215;100&#8243; alignment=\u00bbcenter\u00bb][\/vc_column][vc_column width=\u00bb3\/4&#8243;][vc_column_text]<\/p>\n<p style=\"text-align: justify;\">Entonces, trabajando con el misionero Paul Townsend, Steve comenz\u00f3 a llevar comida, ropa y mantas a las comunidades que hab\u00eda visitado. Comenzaron a construir casas simples para las viudas de la guerra, algunas de las cuales hab\u00edan recurrido a vivir en espacios huecos que cavaron en las laderas de las colinas. Esos esfuerzos eventualmente llevaron a la creaci\u00f3n de HELPS, que se registr\u00f3 como una organizaci\u00f3n sin fines de lucro en 1984.<\/p>\n<p>[\/vc_column_text][\/vc_column][\/vc_row][vc_row css=\u00bb.vc_custom_1591735484790{margin-bottom: 80px !important;}\u00bb][vc_column][vc_column_text]<\/p>\n<p style=\"text-align: justify;\">Hoy, HELPS es una comunidad de miles de fieles voluntarios y donantes que han cambiado millones de vidas. Steve contin\u00faa como nuestro presidente, aunque nunca ha recibido un salario. \u00abDecimos:\u00bb La vida que cambies puede ser tuya \u00ab, y eso no es solo un dicho. Es mi propia experiencia y la experiencia de muchos de nuestros voluntarios \u00ab, dice Steve.<\/p>\n<p>[\/vc_column_text][\/vc_column][\/vc_row][\/vc_section][vc_section full_width=\u00bbstretch_row\u00bb el_id=\u00bbabout-us\u00bb css=\u00bb.vc_custom_1591210076185{background-color: #1b4074 !important;}\u00bb][vc_row full_width=\u00bbstretch_row\u00bb][vc_column][vc_column_text css=\u00bb.vc_custom_1597075930302{margin-top: 40px !important;}\u00bb]<\/p>\n<h3 style=\"text-align: center;\"><span style=\"color: #ffffff;\">\u201cNos decimos que si tenemos la casa nueva, el auto nuevo, la ropa nueva, seremos felices. Pero esas cosas no son lo que nos trae felicidad. Lo que nos trae felicidad es el servicio \u00ab.<\/span><\/h3>\n<p>[\/vc_column_text][\/vc_column][\/vc_row][\/vc_section][vc_section full_width=\u00bbstretch_row_content\u00bb css=\u00bb.vc_custom_1591210932776{background-image: url(https:\/\/www.helpsintl.org\/wp-content\/uploads\/sites\/4\/2020\/06\/DSC_2364-scaled.jpg?id=169) !important;background-position: center !important;background-repeat: no-repeat !important;background-size: cover !important;}\u00bb el_class=\u00bbsection-filter-grey\u00bb][vc_row][vc_column][vc_row_inner][vc_column_inner][\/vc_column_inner][\/vc_row_inner][vc_row_inner][vc_column_inner][\/vc_column_inner][\/vc_row_inner][vc_column_text css=\u00bb.vc_custom_1597075954149{margin-right: 90px !important;margin-left: 90px !important;}\u00bb]<\/p>\n<h1 style=\"text-align: center;\"><span style=\"color: #ffffff;\">Escribe tu Historia con HELPS<\/span><\/h1>\n<p>[\/vc_column_text][vc_column_text css=\u00bb.vc_custom_1597076046264{margin-right: 90px !important;margin-left: 90px !important;}\u00bb]<\/p>\n<p style=\"text-align: center;\"><span style=\"color: #ffffff;\">\u00danase a los cientos de voluntarios que viajan con HELPS a Guatemala, donde comparten su tiempo y talento para cambiar vidas.<\/span><\/p>\n<p>[\/vc_column_text][vc_btn title=\u00bbVoluntario\u00bb style=\u00bboutline-custom\u00bb outline_custom_color=\u00bb#ffffff\u00bb outline_custom_hover_background=\u00bb#666666&#8243; outline_custom_hover_text=\u00bb#ffffff\u00bb align=\u00bbcenter\u00bb link=\u00bburl:%2Fes%2Faplica-a-un-equipo%2F|title:Apply%20for%20a%20Team||\u00bb el_class=\u00bbboton-transparent\u00bb][\/vc_column][\/vc_row][vc_row][vc_column][vc_row_inner][vc_column_inner][\/vc_column_inner][\/vc_row_inner][\/vc_column][\/vc_row][\/vc_section]<\/p>\n<\/section>","protected":false},"excerpt":{"rendered":"<p>[vc_section full_width=\u00bbstretch_row_content\u00bb css=\u00bb.vc_custom_1594906559041{background-image: url(https:\/\/www.helpsintl.org\/wp-content\/uploads\/sites\/4\/2020\/07\/bannerourfounder.jpg?id=1095) !important;background-position: center !important;background-repeat: no-repeat !important;background-size: cover !important;}\u00bb el_id=\u00bbbanner\u00bb el_class=\u00bbsection-filter-grey\u00bb][vc_row][vc_column][vc_column_text css=\u00bb.vc_custom_1597075792534{margin-right: 90px !important;margin-left: 90px !important;}\u00bb] Nuestro Fundador Nos dijimos que si ten\u00edamos la<span class=\"excerpt-hellip\"> [\u2026]<\/span><\/p>\n","protected":false},"author":1,"featured_media":0,"parent":0,"menu_order":0,"comment_status":"closed","ping_status":"closed","template":"","meta":{"footnotes":""},"class_list":["post-1266","page","type-page","status-publish","hentry"],"_links":{"self":[{"href":"https:\/\/www.helpsintl.org\/es\/wp-json\/wp\/v2\/pages\/1266","targetHints":{"allow":["GET"]}}],"collection":[{"href":"https:\/\/www.helpsintl.org\/es\/wp-json\/wp\/v2\/pages"}],"about":[{"href":"https:\/\/www.helpsintl.org\/es\/wp-json\/wp\/v2\/types\/page"}],"author":[{"embeddable":true,"href":"https:\/\/www.helpsintl.org\/es\/wp-json\/wp\/v2\/users\/1"}],"replies":[{"embeddable":true,"href":"https:\/\/www.helpsintl.org\/es\/wp-json\/wp\/v2\/comments?post=1266"}],"version-history":[{"count":0,"href":"https:\/\/www.helpsintl.org\/es\/wp-json\/wp\/v2\/pages\/1266\/revisions"}],"wp:attachment":[{"href":"https:\/\/www.helpsintl.org\/es\/wp-json\/wp\/v2\/media?parent=1266"}],"curies":[{"name":"wp","href":"https:\/\/api.w.org\/{rel}","templated":true}]}}