
{"id":1317,"date":"2020-07-02T18:48:46","date_gmt":"2020-07-02T16:48:46","guid":{"rendered":"https:\/\/www.helpsintl.org\/partners\/"},"modified":"2025-04-30T07:51:08","modified_gmt":"2025-04-30T13:51:08","slug":"aliados","status":"publish","type":"page","link":"https:\/\/www.helpsintl.org\/es\/aliados\/","title":{"rendered":"Aliados"},"content":{"rendered":"<section class=\"wpb-content-wrapper\"><p>[vc_section full_width=\u00bbstretch_row_content\u00bb css=\u00bb.vc_custom_1593714547041{background-image: url(https:\/\/www.helpsintl.org\/wp-content\/uploads\/sites\/4\/2020\/07\/Partners-p\u00e1gina.jpg?id=708) !important;}\u00bb el_id=\u00bbbanner\u00bb el_class=\u00bbsection-filter-grey\u00bb][vc_row][vc_column][vc_column_text]<\/p>\n<h1 style=\"text-align: center\">\u00a0 \u00a0 Partners<\/h1>\n<p>[\/vc_column_text][\/vc_column][\/vc_row][\/vc_section][vc_section full_width=\u00bbstretch_row_content\u00bb el_id=\u00bbour-partners\u00bb][vc_row][vc_column][vc_column_text]<\/p>\n<h2 style=\"text-align: center\">Our Partners<\/h2>\n<p>[\/vc_column_text][\/vc_column][\/vc_row][vc_row full_width=\u00bbstretch_row\u00bb el_class=\u00bbsection-our-partners\u00bb][vc_column][vc_images_carousel images=\u00bb1704,1706,1708,1710,1712,1714,11148,1716,1718,1720,11152,1722,1724,1726,1728,1730,1732,1734,1736,1742,1744,1746,11150&#8243; img_size=\u00bb400&#215;400&#8243; slides_per_view=\u00bb3&#8243; autoplay=\u00bbyes\u00bb hide_pagination_control=\u00bbyes\u00bb wrap=\u00bbyes\u00bb][\/vc_column][\/vc_row][\/vc_section][vc_section][vc_row full_width=\u00bbstretch_row\u00bb css=\u00bb.vc_custom_1593714300612{background-color: #1b4074 !important;}\u00bb][vc_column][vc_column_text css=\u00bb.vc_custom_1593714379477{margin-bottom: 20px !important;}\u00bb]<\/p>\n<p style=\"text-align: center\"><span style=\"color: #ffffff\">\u00abOur partnership with HELPS has helped us shape our culture. It has resulted in a more successful business, ensuring that our employees are on the same page and working better together.\u00bb<\/span><\/p>\n<p style=\"text-align: center\"><span style=\"color: #ffffff\"><strong>SCOTT FISH<\/strong><\/span><br \/>\n<span style=\"color: #ffffff\"><strong>Founder + CEO, Tri-Win Direct<\/strong><\/span>[\/vc_column_text][\/vc_column][\/vc_row][vc_row css=\u00bb.vc_custom_1643121792164{margin-bottom: -50px !important;padding-top: 30px !important;padding-bottom: 90px !important;}\u00bb][vc_column][vc_column_text]<\/p>\n<h2 style=\"text-align: center\"><strong>Be Part of Our Partners!<\/strong><\/h2>\n<p>[\/vc_column_text][\/vc_column][\/vc_row][vc_row][vc_column width=\u00bb1\/2&#8243;][vc_single_image image=\u00bb1320&#8243; img_size=\u00bbfull\u00bb alignment=\u00bbcenter\u00bb style=\u00bbvc_box_shadow\u00bb css=\u00bb.vc_custom_1593719304146{margin-top: 15px !important;}\u00bb][\/vc_column][vc_column width=\u00bb1\/2&#8243;][vc_column_text css=\u00bb.vc_custom_1593716037635{border-top-width: 2px !important;border-right-width: 2px !important;border-bottom-width: 2px !important;border-left-width: 2px !important;padding-top: 25px !important;padding-right: 25px !important;padding-left: 25px !important;border-left-color: #dd9933 !important;border-left-style: solid !important;border-right-color: #dd9933 !important;border-right-style: solid !important;border-top-color: #dd9933 !important;border-top-style: solid !important;border-bottom-color: #dd9933 !important;border-bottom-style: solid !important;border-radius: 25px !important;}\u00bb]<div class=\"frm_forms  with_frm_style frm_style_estilos-formidable\" id=\"frm_form_4_container\" >\n<form enctype=\"multipart\/form-data\" method=\"post\" class=\"frm-show-form  frm_pro_form \" id=\"form_partners\" >\n<div class=\"frm_form_fields \">\n<fieldset>\n<legend class=\"frm_screen_reader\">Socios<\/legend>\r\n\r\n<div class=\"frm_fields_container\">\n<input type=\"hidden\" name=\"frm_action\" value=\"create\" \/>\n<input type=\"hidden\" name=\"form_id\" value=\"4\" \/>\n<input type=\"hidden\" name=\"frm_hide_fields_4\" id=\"frm_hide_fields_4\" value=\"\" \/>\n<input type=\"hidden\" name=\"form_key\" value=\"partners\" \/>\n<input type=\"hidden\" name=\"item_meta[0]\" value=\"\" \/>\n<input type=\"hidden\" id=\"frm_submit_entry_4\" name=\"frm_submit_entry_4\" value=\"914b0053f9\" \/><input type=\"hidden\" name=\"_wp_http_referer\" value=\"\/es\/wp-json\/wp\/v2\/pages\/1317\" \/><div id=\"frm_field_26_container\" class=\"frm_form_field form-field  frm_required_field frm_inside_container\">\r\n    <label for=\"field_y55ln\" id=\"field_y55ln_label\" class=\"frm_primary_label\">Nombre\r\n        <span class=\"frm_required\">*<\/span>\r\n    <\/label>\r\n    <input  type=\"text\" id=\"field_y55ln\" name=\"item_meta[26]\" value=\"\"  data-reqmsg=\"Nombre cannot be blank.\" aria-required=\"true\" data-invmsg=\"Texto no es v\u00e1lido\" aria-invalid=\"false\"   \/>\r\n    \r\n    \r\n<\/div>\n<div id=\"frm_field_27_container\" class=\"frm_form_field form-field  frm_required_field frm_inside_container\">\r\n    <label for=\"field_xxjzv\" id=\"field_xxjzv_label\" class=\"frm_primary_label\">Correo Electr\u00f3nico\r\n        <span class=\"frm_required\">*<\/span>\r\n    <\/label>\r\n    <input type=\"email\" id=\"field_xxjzv\" name=\"item_meta[27]\" value=\"\"  data-reqmsg=\"Correo Electr\u00f3nico cannot be blank.\" aria-required=\"true\" data-invmsg=\"Correo electr\u00f3nico no es v\u00e1lido\" aria-invalid=\"false\"  \/>\r\n    \r\n    \r\n<\/div>\n<div id=\"frm_field_28_container\" class=\"frm_form_field form-field  frm_required_field frm_inside_container\">\r\n    <label for=\"field_3otdv\" id=\"field_3otdv_label\" class=\"frm_primary_label\">Compa\u00f1ia\r\n        <span class=\"frm_required\">*<\/span>\r\n    <\/label>\r\n    <input  type=\"text\" id=\"field_3otdv\" name=\"item_meta[28]\" value=\"\"  data-reqmsg=\"Compa\u00f1ia cannot be blank.\" aria-required=\"true\" data-invmsg=\"Texto no es v\u00e1lido\" aria-invalid=\"false\"   \/>\r\n    \r\n    \r\n<\/div>\n<div id=\"frm_field_29_container\" class=\"frm_form_field form-field  frm_required_field frm_top_container\">\r\n    <label for=\"field_6j6ax\" id=\"field_6j6ax_label\" class=\"frm_primary_label\">\u00c1rea de Inter\u00e9s\r\n        <span class=\"frm_required\">*<\/span>\r\n    <\/label>\r\n    \t\t<select name=\"item_meta[29]\" id=\"field_6j6ax\"  data-reqmsg=\"\u00c1rea de Inter\u00e9s cannot be blank.\" aria-required=\"true\" data-invmsg=\"\u00c1rea de Inter\u00e9s no es v\u00e1lido\" aria-invalid=\"false\"  >\n\t\t<option  value=\"Event or Campaign Sponsorship\">Patrocinio de eventos o campa\u00f1as<\/option><option  value=\"Employee Service Team\">Equipo de atenci\u00f3n al empleado<\/option><option  value=\"In-Kind Donation\">Donaci\u00f3n en especie<\/option><option  value=\"Other\">Otro<\/option>\t<\/select>\n\t\r\n    \r\n    \r\n<\/div>\n<div id=\"frm_field_30_container\" class=\"frm_form_field form-field  frm_required_field frm_inside_container\">\r\n    <label for=\"field_2ad4k\" id=\"field_2ad4k_label\" class=\"frm_primary_label\">Mensaje\r\n        <span class=\"frm_required\">*<\/span>\r\n    <\/label>\r\n    <textarea name=\"item_meta[30]\" id=\"field_2ad4k\" rows=\"5\"  data-reqmsg=\"Mensaje cannot be blank.\" aria-required=\"true\" data-invmsg=\"Mensaje no es v\u00e1lido\" aria-invalid=\"false\"  ><\/textarea>\r\n    \r\n    \r\n<\/div>\n<div id=\"frm_field_175_container\" class=\"frm_form_field form-field  frm_none_container\">\r\n    <label for=\"g-recaptcha-response\" id=\"field_heobq_label\" class=\"frm_primary_label\">reCAPTCHA\r\n        <span class=\"frm_required\"><\/span>\r\n    <\/label>\r\n    <div  id=\"field_heobq\" class=\"frm-g-recaptcha\" data-sitekey=\"6Le-ed8ZAAAAAD8M55YlQ4ZX5sZLjiWelWqe2zZB\" data-size=\"invisible\" data-theme=\"light\"><\/div>\r\n    \r\n    \r\n<\/div>\n<div id=\"frm_field_329_container\" class=\"frm_form_field form-field \">\n\t<div class=\"frm_submit\">\r\n\r\n<button class=\"frm_button_submit frm_final_submit\" type=\"submit\"  formnovalidate=\"formnovalidate\">Submit<\/button>\r\n\r\n<\/div>\n<\/div>\n\t<input type=\"hidden\" name=\"item_key\" value=\"\" \/>\n\t\t\t\t<div class=\"frm__6652bcba96e62\">\n\t\t\t\t<label for=\"frm_email_4\" >\n\t\t\t\t\tSi eres humano, deja este campo en blanco.\t\t\t\t<\/label>\n\t\t\t\t<input  id=\"frm_email_4\" type=\"text\" class=\"frm_verify\" name=\"frm__6652bcba96e62\" value=\"\" autocomplete=\"off\"  \/>\n\t\t\t<\/div>\n\t\t<input name=\"frm_state\" type=\"hidden\" value=\"g6DmB2XKJRBIbBMDsjlYwFILm6kSLmzIPxg7stkZFoQ=\" \/><\/div>\n<\/fieldset>\n<\/div>\n\n<p style=\"display: none !important;\" class=\"akismet-fields-container\" data-prefix=\"ak_\"><label>&#916;<textarea name=\"ak_hp_textarea\" cols=\"45\" rows=\"8\" maxlength=\"100\"><\/textarea><\/label><input type=\"hidden\" id=\"ak_js_1\" name=\"ak_js\" value=\"71\"\/><script>document.getElementById( \"ak_js_1\" ).setAttribute( \"value\", ( new Date() ).getTime() );<\/script><\/p><\/form>\n<\/div>\n.[\/vc_column_text][\/vc_column][\/vc_row][\/vc_section][vc_section full_width=\u00bbstretch_row\u00bb el_class=\u00bbour-founder-movil\u00bb][vc_row full_width=\u00bbstretch_row_content_no_spaces\u00bb][vc_column][vc_single_image image=\u00bb1351&#8243; alignment=\u00bbcenter\u00bb][\/vc_column][\/vc_row][vc_row][vc_column][vc_column_text]<\/p>\n<h2 style=\"text-align: center\">Meet Our Founder<\/h2>\n<p><span style=\"font-weight: 400\">\u00abWe&#8217;re actively engaged in making a positive impact. Children are reading, people are walking again, women are breathing freely, clean water is accessible and families have the resources they need. We\u2019re helping to transform families, communities, a country and even a region.\u00bb<\/span><\/p>\n<p><b>Steve Miller<\/b><\/p>\n<p><b>Founder &amp; President<\/b>[\/vc_column_text][vc_btn title=\u00bbRead Steve&#8217;s Story\u00bb shape=\u00bbround\u00bb size=\u00bbsm\u00bb align=\u00bbcenter\u00bb link=\u00bburl:https%3A%2F%2Fwww.helpsintl.org%2Fes%2Fnuestro-fundador%2F|\u00bb el_class=\u00bbboton-fondo-blanco\u00bb][\/vc_column][\/vc_row][\/vc_section]<\/p>\n<\/section>","protected":false},"excerpt":{"rendered":"<p>[vc_section full_width=\u00bbstretch_row_content\u00bb css=\u00bb.vc_custom_1593714547041{background-image: url(https:\/\/www.helpsintl.org\/wp-content\/uploads\/sites\/4\/2020\/07\/Partners-p\u00e1gina.jpg?id=708) !important;}\u00bb el_id=\u00bbbanner\u00bb el_class=\u00bbsection-filter-grey\u00bb][vc_row][vc_column][vc_column_text] \u00a0 \u00a0 Partners [\/vc_column_text][\/vc_column][\/vc_row][\/vc_section][vc_section full_width=\u00bbstretch_row_content\u00bb el_id=\u00bbour-partners\u00bb][vc_row][vc_column][vc_column_text] Our Partners [\/vc_column_text][\/vc_column][\/vc_row][vc_row full_width=\u00bbstretch_row\u00bb el_class=\u00bbsection-our-partners\u00bb][vc_column][vc_images_carousel images=\u00bb1704,1706,1708,1710,1712,1714,11148,1716,1718,1720,11152,1722,1724,1726,1728,1730,1732,1734,1736,1742,1744,1746,11150&#8243; img_size=\u00bb400&#215;400&#8243; slides_per_view=\u00bb3&#8243; autoplay=\u00bbyes\u00bb hide_pagination_control=\u00bbyes\u00bb wrap=\u00bbyes\u00bb][\/vc_column][\/vc_row][\/vc_section][vc_section][vc_row full_width=\u00bbstretch_row\u00bb css=\u00bb.vc_custom_1593714300612{background-color:<span class=\"excerpt-hellip\"> [\u2026]<\/span><\/p>\n","protected":false},"author":1,"featured_media":0,"parent":0,"menu_order":0,"comment_status":"closed","ping_status":"closed","template":"","meta":{"footnotes":""},"class_list":["post-1317","page","type-page","status-publish","hentry"],"_links":{"self":[{"href":"https:\/\/www.helpsintl.org\/es\/wp-json\/wp\/v2\/pages\/1317","targetHints":{"allow":["GET"]}}],"collection":[{"href":"https:\/\/www.helpsintl.org\/es\/wp-json\/wp\/v2\/pages"}],"about":[{"href":"https:\/\/www.helpsintl.org\/es\/wp-json\/wp\/v2\/types\/page"}],"author":[{"embeddable":true,"href":"https:\/\/www.helpsintl.org\/es\/wp-json\/wp\/v2\/users\/1"}],"replies":[{"embeddable":true,"href":"https:\/\/www.helpsintl.org\/es\/wp-json\/wp\/v2\/comments?post=1317"}],"version-history":[{"count":0,"href":"https:\/\/www.helpsintl.org\/es\/wp-json\/wp\/v2\/pages\/1317\/revisions"}],"wp:attachment":[{"href":"https:\/\/www.helpsintl.org\/es\/wp-json\/wp\/v2\/media?parent=1317"}],"curies":[{"name":"wp","href":"https:\/\/api.w.org\/{rel}","templated":true}]}}