
{"id":1329,"date":"2020-06-16T00:59:11","date_gmt":"2020-06-15T22:59:11","guid":{"rendered":"https:\/\/www.helpsintl.org\/about-us\/"},"modified":"2021-04-01T03:07:41","modified_gmt":"2021-04-01T01:07:41","slug":"acerca-de-nosotros","status":"publish","type":"page","link":"https:\/\/www.helpsintl.org\/es\/acerca-de-nosotros\/","title":{"rendered":"Acerca de Nosotros"},"content":{"rendered":"<section class=\"wpb-content-wrapper\"><p>[vc_section full_width=\u00bbstretch_row\u00bb css=\u00bb.vc_custom_1592262330485{background-image: url(https:\/\/www.helpsintl.org\/wp-content\/uploads\/sites\/4\/2020\/06\/banner-about-us-80.jpg?id=252) !important;}\u00bb el_id=\u00bbour-mission\u00bb el_class=\u00bbsection-filter-grey\u00bb][vc_row][vc_column][vc_column_text]<\/p>\n<p style=\"text-align: center;\">Ofrecemos programas duraderos de valor pr\u00e1ctico, social y espiritual para las personas en el mundo en desarrollo a trav\u00e9s de un sistema de asociaci\u00f3n y responsabilidad mutua.<\/p>\n<p>[\/vc_column_text][\/vc_column][\/vc_row][\/vc_section][vc_section el_id=\u00bbhelps-difference\u00bb][vc_row][vc_column][vc_column_text]<\/p>\n<h2 style=\"text-align: center;\"><span style=\"font-weight: 400;\">Nuestros Valores<\/span><\/h2>\n<p>[\/vc_column_text][\/vc_column][\/vc_row][vc_row full_width=\u00bbstretch_row_content_no_spaces\u00bb][vc_column width=\u00bb1\/3&#8243; el_class=\u00bbdifference-column\u00bb][vc_single_image image=\u00bb1332&#8243; img_size=\u00bbfull\u00bb alignment=\u00bbcenter\u00bb][vc_column_text]<\/p>\n<h3 style=\"text-align: center;\"><b>SERVICIO<\/b><\/h3>\n<p>&nbsp;<\/p>\n<p>Creemos que servimos mejor a los dem\u00e1s trabajando junto a ellos en su camino hacia la independencia. Con un enfoque en el respeto mutuo y la responsabilidad, trabajamos para empedrar a las personas que viven en la pobreza con las herramientas esenciales para construir una vida mejor. Sabemos que los folletos no funcionan, pero ayudar a la gente a ayudarse a s\u00ed misma si funciona.[\/vc_column_text][\/vc_column][vc_column width=\u00bb1\/3&#8243; el_class=\u00bbdifference-column\u00bb][vc_single_image image=\u00bb1333&#8243; img_size=\u00bbfull\u00bb alignment=\u00bbcenter\u00bb][vc_column_text]<\/p>\n<h3 style=\"text-align: center;\"><b>SUSTENTABILIDAD<\/b><\/h3>\n<p>&nbsp;<\/p>\n<p>Con una fuerte infraestructura en toda Guatemala, aseguramos consistencia y creamos relaciones duraderas con l\u00edderes e instituciones locales. Aprovechamos las asociaciones comunitarias para mantener resultados positivos de modo que cuando usted cambia vidas con HELPS, las cambia para las generaciones venideras.[\/vc_column_text][\/vc_column][vc_column width=\u00bb1\/3&#8243; el_class=\u00bbdifference-column\u00bb][vc_single_image image=\u00bb1334&#8243; img_size=\u00bbfull\u00bb alignment=\u00bbcenter\u00bb][vc_column_text]<\/p>\n<h3 style=\"text-align: center;\"><b>ADAPTABILIDAD<\/b><\/h3>\n<p>&nbsp;<\/p>\n<p style=\"text-align: JUSTIFY;\">El cambio en el campo ocurre una familia a la vez, pero eso no nos impide pensar en grande. Evaluamos continuamente nuestros programas para asegurar que agreguen el m\u00e1ximo valor a las comunidades y que sean replicadles a gran escala. No s\u00f3lo invertimos en programas, sino tambi\u00e9n en modelos de cambio duradero.<\/p>\n<p>[\/vc_column_text][\/vc_column][\/vc_row][\/vc_section][vc_section full_width=\u00bbstretch_row\u00bb el_id=\u00bbour-team\u00bb css=\u00bb.vc_custom_1594239317507{background-image: url(https:\/\/www.helpsintl.org\/wp-content\/uploads\/sites\/4\/2020\/06\/our-team-.jpg?id=262) !important;}\u00bb el_class=\u00bbsection-filter-grey font-white boton-transparent\u00bb][vc_row][vc_column][vc_column_text]<\/p>\n<h2 style=\"text-align: center;\"><span style=\"font-weight: 400;\">Nuestro Equipo<\/span><\/h2>\n<p style=\"text-align: center;\">Tenemos la misi\u00f3n de cambiar vidas con soluciones sostenibles para romper el ciclo de la pobreza.<\/p>\n<p>[\/vc_column_text][vc_btn title=\u00bbConoce al Equipo\u00bb shape=\u00bbround\u00bb size=\u00bbsm\u00bb align=\u00bbcenter\u00bb el_class=\u00bbboton-transparent\u00bb link=\u00bburl:%2Fes%2Fnuestro-equipo%2F|||\u00bb][\/vc_column][\/vc_row][\/vc_section][vc_section full_width=\u00bbstretch_row_content\u00bb el_id=\u00bbour-history\u00bb][vc_row][vc_column][vc_column_text]<\/p>\n<h2 style=\"text-align: center;\">Nuestra Historia<\/h2>\n<p>[\/vc_column_text][\/vc_column][\/vc_row][vc_row full_width=\u00bbstretch_row_content_no_spaces\u00bb el_class=\u00bbhistory-row\u00bb][vc_column width=\u00bb1\/5&#8243; el_class=\u00bbsection-texto\u00bb][vc_single_image image=\u00bb1352&#8243; img_size=\u00bbfull\u00bb alignment=\u00bbcenter\u00bb][vc_column_text]<\/p>\n<h3 style=\"text-align: center;\"><span style=\"font-weight: 400; color: #ea822d;\">1981<\/span><\/h3>\n<p><span style=\"font-weight: 400; color: #ea822d;\">Steve Miller, un banquero de inversiones de Dallas, visit\u00f3 Guatemala por primera vez en el apogeo de la guerra civil del pa\u00eds.<\/span>[\/vc_column_text][\/vc_column][vc_column width=\u00bb1\/5&#8243; el_class=\u00bbsection-texto\u00bb][vc_single_image image=\u00bb1337&#8243; img_size=\u00bbfull\u00bb alignment=\u00bbcenter\u00bb][vc_column_text]<\/p>\n<h3 style=\"text-align: center;\"><span style=\"font-weight: 400; color: #1b4074;\">1982<\/span><\/h3>\n<p><span style=\"font-weight: 400; color: #1b4074;\">Steve comenz\u00f3 a trabajar con Paul Townsend, un misionero y traductor, para brindar ayuda a la gente de la regi\u00f3n de Quich\u00e9, la m\u00e1s afectada por la guerra. En 1983, trajo un equipo dental con voluntarios a Guatemala.<\/span>[\/vc_column_text][\/vc_column][vc_column width=\u00bb1\/5&#8243; el_class=\u00bbsection-texto\u00bb][vc_single_image image=\u00bb1338&#8243; img_size=\u00bbfull\u00bb alignment=\u00bbcenter\u00bb][vc_column_text]<\/p>\n<h3 style=\"text-align: center;\"><span style=\"font-weight: 400; color: #ea822d;\">1984<\/span><\/h3>\n<p><span style=\"font-weight: 400; color: #ea822d;\">Helps International fue fundada como una organizaci\u00f3n sin fines de lucro 501 (c) (3) en Dallas, Texas. Los equipos de desarrollo comunitario comenzaron a viajar a Guatemala para construir viviendas para viudas de guerra.<br \/>\n<\/span>[\/vc_column_text][\/vc_column][vc_column width=\u00bb1\/5&#8243; el_class=\u00bbsection-texto\u00bb][vc_single_image image=\u00bb1339&#8243; img_size=\u00bbfull\u00bb alignment=\u00bbcenter\u00bb][vc_column_text]<\/p>\n<h3 style=\"text-align: center;\"><span style=\"font-weight: 400; color: #1b4074;\">1988<\/span><\/h3>\n<p><span style=\"font-weight: 400; color: #1b4074;\">Our first surgical team of eight volunteers traveled to Guatemala. Since then, more than 255 health care teams have traveled with HELPS to provide care to over 319,500 people.<\/span>[\/vc_column_text][\/vc_column][vc_column width=\u00bb1\/5&#8243; el_class=\u00bbsection-texto\u00bb][vc_single_image image=\u00bb1340&#8243; img_size=\u00bbfull\u00bb alignment=\u00bbcenter\u00bb][vc_column_text]<\/p>\n<h3 style=\"text-align: center;\"><span style=\"font-weight: 400; color: #ea822d;\">1990s<\/span><\/h3>\n<p><span style=\"font-weight: 400; color: #ea822d;\">El programa de atenci\u00f3n m\u00e9dica creci\u00f3 a ocho equipos de voluntarios que visitaron cinco ciudades en zonas rurales de Guatemala. Para 1999, los profesionales m\u00e9dicos voluntarios de HELPS estaban brindando atenci\u00f3n a m\u00e1s de 11,000 personas cada a\u00f1o.<\/span>[\/vc_column_text][\/vc_column][\/vc_row][vc_row full_width=\u00bbstretch_row_content_no_spaces\u00bb el_class=\u00bbhistory-row\u00bb][vc_column width=\u00bb1\/5&#8243; el_class=\u00bbsection-texto\u00bb][vc_single_image image=\u00bb1341&#8243; img_size=\u00bbfull\u00bb alignment=\u00bbcenter\u00bb][vc_column_text]<\/p>\n<h3 style=\"text-align: center;\"><span style=\"font-weight: 400; color: #1b4074;\">1998<\/span><\/h3>\n<p><span style=\"font-weight: 400; color: #1b4074;\">El programa de educaci\u00f3n comenz\u00f3 en Santa Avelina, Guatemala. Los voluntarios ayudaron a construir la escuela HELPS. El edificio incluye siete aulas, donde m\u00e1s de 200 estudiantes reciben educaci\u00f3n cada a\u00f1o.<\/span>[\/vc_column_text][\/vc_column][vc_column width=\u00bb1\/5&#8243; el_class=\u00bbsection-texto\u00bb][vc_single_image image=\u00bb1342&#8243; img_size=\u00bbfull\u00bb alignment=\u00bbcenter\u00bb][vc_column_text]<\/p>\n<h3 style=\"text-align: center;\"><span style=\"font-weight: 400; color: #ea822d;\">1999<\/span><\/h3>\n<p><span style=\"font-weight: 400; color: #ea822d;\">Helps International recibi\u00f3 el prestigioso premio Dr. Rodolfo Robles de manos del presidente guatemalteco \u00c1lvaro Arz\u00fa. Establecido en 1955, el premio es el honor m\u00e1s alto de Guatemala otorgado por la excelencia en el trabajo en salud p\u00fablica.<\/span>[\/vc_column_text][\/vc_column][vc_column width=\u00bb1\/5&#8243; el_class=\u00bbsection-texto\u00bb][vc_single_image image=\u00bb1343&#8243; img_size=\u00bbfull\u00bb alignment=\u00bbcenter\u00bb][vc_column_text]<\/p>\n<h3 style=\"text-align: center;\"><span style=\"font-weight: 400; color: #1b4074;\">2000<\/span><\/h3>\n<p><span style=\"font-weight: 400; color: #1b4074;\">Despu\u00e9s de que los equipos m\u00e9dicos identificar\u00e1n los fuegos abiertos en las cocinas como la causa principal de enfermedades respiratorias y quemaduras, el voluntario Don O&#8217;Neal comenz\u00f3 a desarrollar prototipos para una estufa de cocci\u00f3n m\u00e1s segura y eficiente. Despu\u00e9s de m\u00e1s de un a\u00f1o de investigaci\u00f3n, desarrollo y pruebas de campo, result\u00f3 la estufa ONIL.<\/span>[\/vc_column_text][\/vc_column][vc_column width=\u00bb1\/5&#8243; el_class=\u00bbsection-texto\u00bb][vc_single_image image=\u00bb1344&#8243; img_size=\u00bbfull\u00bb alignment=\u00bbcenter\u00bb][vc_column_text]<\/p>\n<h3 style=\"text-align: center;\"><span style=\"font-weight: 400; color: #ea822d;\">2001<\/span><\/h3>\n<p><span style=\"font-weight: 400; color: #ea822d;\">La primera f\u00e1brica de estufas ONIL comenz\u00f3 a funcionar. La producci\u00f3n en f\u00e1brica garantiza una alta calidad constante y facilita la distribuci\u00f3n a gran escala.<\/span>[\/vc_column_text][\/vc_column][vc_column width=\u00bb1\/5&#8243; el_class=\u00bbsection-texto\u00bb][vc_single_image image=\u00bb1345&#8243; img_size=\u00bbfull\u00bb alignment=\u00bbcenter\u00bb][vc_column_text]<\/p>\n<h3 style=\"text-align: center;\"><span style=\"font-weight: 400; color: #1b4074;\">2004<\/span><\/h3>\n<p><span style=\"font-weight: 400; color: #1b4074;\">Don O&#8217;Neal recibi\u00f3 el Premio Volvo for Life y el Premio Ashden por el desarrollo de la estufa ONIL. El Pr\u00edncipe Carlos present\u00f3 el prestigioso Premio Ashden.<\/span>[\/vc_column_text][\/vc_column][\/vc_row][vc_row full_width=\u00bbstretch_row_content_no_spaces\u00bb el_class=\u00bbhistory-row\u00bb][vc_column width=\u00bb1\/5&#8243; el_class=\u00bbsection-texto\u00bb][vc_single_image image=\u00bb1346&#8243; img_size=\u00bbfull\u00bb alignment=\u00bbcenter\u00bb][vc_column_text]<\/p>\n<h3 style=\"text-align: center;\"><span style=\"font-weight: 400; color: #ea822d;\">2004<\/span><\/h3>\n<p><span style=\"font-weight: 400; color: #ea822d;\">Steve Miller recibi\u00f3 el Premio Monja Blanca del gobierno de Guatemala en nombre de Helps. La Monja Blanca es el honor m\u00e1s alto otorgado a los ciudadanos extranjeros por su servicio a Guatemala.<\/span>[\/vc_column_text][\/vc_column][vc_column width=\u00bb1\/5&#8243; el_class=\u00bbsection-texto\u00bb][vc_single_image image=\u00bb1347&#8243; img_size=\u00bbfull\u00bb alignment=\u00bbcenter\u00bb][vc_column_text]<\/p>\n<h3 style=\"text-align: center;\"><span style=\"font-weight: 400; color: #1b4074;\">2006<\/span><\/h3>\n<p><span style=\"font-weight: 400; color: #1b4074;\">HELPS lanz\u00f3 el programa de agricultura, que desde entonces ha empoderado a m\u00e1s de 17,000 agricultores para impulsar y diversificar su producci\u00f3n de ma\u00edz y cultivos comerciales.<\/span>[\/vc_column_text][\/vc_column][vc_column width=\u00bb1\/5&#8243; el_class=\u00bbsection-texto\u00bb][vc_single_image image=\u00bb1348&#8243; img_size=\u00bbfull\u00bb alignment=\u00bbcenter\u00bb][vc_column_text]<\/p>\n<h3 style=\"text-align: center;\"><span style=\"font-weight: 400; color: #ea822d;\">2007<\/span><\/h3>\n<p><span style=\"font-weight: 400; color: #ea822d;\">El Museo Tecnol\u00f3gico de la Innovaci\u00f3n en San Jos\u00e9, California, honr\u00f3 a Donald O&#8217;Neal y Helps International con un Premio a la Salud por la estufa ONIL.<\/span>[\/vc_column_text][\/vc_column][vc_column width=\u00bb1\/5&#8243; el_class=\u00bbsection-texto\u00bb][vc_single_image image=\u00bb1349&#8243; img_size=\u00bbfull\u00bb alignment=\u00bbcenter\u00bb][vc_column_text]<\/p>\n<h3 style=\"text-align: center;\"><span style=\"font-weight: 400; color: #1b4074;\">2010<\/span><\/h3>\n<p><span style=\"font-weight: 400; color: #1b4074;\">El proyecto de creaci\u00f3n de libros Ixil de Cotzal comenz\u00f3 en la escuela primaria de HELPS. Bajo la direcci\u00f3n de la Dra. Donna Phillips, el proyecto ha producido 61 libros originales, escritos e ilustrados por los miembros de la comunidad ind\u00edgena de Santa Avelina.<\/span>[\/vc_column_text][\/vc_column][vc_column width=\u00bb1\/5&#8243; el_class=\u00bbsection-texto\u00bb][vc_single_image image=\u00bb1350&#8243; img_size=\u00bbfull\u00bb alignment=\u00bbcenter\u00bb][vc_column_text]<\/p>\n<h3 style=\"text-align: center;\"><span style=\"font-weight: 400; color: #ea822d;\">2016<\/span><\/h3>\n<p><span style=\"font-weight: 400; color: #ea822d;\">Helps International acogi\u00f3 a su equipo n\u00famero 200 de atenci\u00f3n m\u00e9dica. El equipo m\u00e9dico de Cascade, con sede en Oreg\u00f3n, ha enviado a cientos de voluntarios a Guatemala en 25 viajes de servicio.<br \/>\nVideo para la l\u00ednea de tiempo: https:\/\/vimeo.com\/241316083<br \/>\n<\/span>[\/vc_column_text][\/vc_column][\/vc_row][\/vc_section][vc_section full_width=\u00bbstretch_row\u00bb el_id=\u00bbour-founder\u00bb el_class=\u00bbboton-transparent section-filter-grey font-white our-founder-escritorio\u00bb css=\u00bb.vc_custom_1594402844331{background-image: url(https:\/\/www.helpsintl.org\/wp-content\/uploads\/sites\/4\/2020\/06\/Steve3_edited_edited_edited_edited.jpg?id=279) !important;}\u00bb][vc_row][vc_column width=\u00bb1\/2&#8243;][\/vc_column][vc_column width=\u00bb1\/2&#8243;][vc_column_text]<\/p>\n<h2 style=\"text-align: center;\">Nuestro Fundador<\/h2>\n<p style=\"text-align: justify;\">\u00abNos comprometemos activamente a lograr un impacto positivo. Los ni\u00f1os leen, las personas caminan nuevamente, las mujeres respiran libremente, el agua limpia es accesible y las familias tienen los recursos que necesitan. Estamos ayudando a transformar las familias, las comunidades, un pa\u00eds e incluso una regi\u00f3n.\u00bb<\/p>\n<p><b>Steve Miller<\/b><\/p>\n<p><b>Fundador &amp; Presidente<\/b>[\/vc_column_text][vc_btn title=\u00bbLeer la historia de Steve\u00bb shape=\u00bbround\u00bb size=\u00bbsm\u00bb align=\u00bbcenter\u00bb link=\u00bburl:%2Fes%2Fnuestro-fundador%2F|||\u00bb el_class=\u00bbboton-transparent\u00bb][\/vc_column][\/vc_row][\/vc_section][vc_section full_width=\u00bbstretch_row\u00bb el_class=\u00bbour-founder-movil\u00bb][vc_row full_width=\u00bbstretch_row_content_no_spaces\u00bb][vc_column][vc_single_image image=\u00bb1351&#8243; alignment=\u00bbcenter\u00bb][\/vc_column][\/vc_row][vc_row][vc_column][vc_column_text]<\/p>\n<h2 style=\"text-align: center;\">Nuestro Fundador<\/h2>\n<p>\u00abNos comprometemos activamente a lograr un impacto positivo. Los ni\u00f1os leen, las personas caminan nuevamente, las mujeres respiran libremente, el agua limpia es accesible y las familias tienen los recursos que necesitan. Estamos ayudando a transformar las familias, las comunidades, un pa\u00eds e incluso una regi\u00f3n.\u00bb<\/p>\n<p><b>Steve Miller<\/b><\/p>\n<p><b>Fundador &amp; Presidente<\/b>[\/vc_column_text][vc_btn title=\u00bbLeer Historia de Steve\u00bb shape=\u00bbround\u00bb size=\u00bbsm\u00bb align=\u00bbcenter\u00bb link=\u00bburl:%2Fes%2Fnuestro-fundador%2F|||\u00bb el_class=\u00bbboton-fondo-blanco\u00bb][\/vc_column][\/vc_row][\/vc_section][vc_section full_width=\u00bbstretch_row_content\u00bb el_id=\u00bbour-partners\u00bb][vc_row][vc_column][vc_column_text]<\/p>\n<h2 style=\"text-align: center;\">Aliados<\/h2>\n<p>[\/vc_column_text][\/vc_column][\/vc_row][vc_row full_width=\u00bbstretch_row\u00bb el_class=\u00bbsection-our-partners\u00bb][vc_column][vc_images_carousel images=\u00bb1704,1706,1708,1710,1712,1714,1716,1718,1720,1722,1724,1726,1728,1730,1732,1734,1736,1738,1740,1742,1744,1746,1748&#8243; img_size=\u00bb400&#215;400&#8243; slides_per_view=\u00bb3&#8243; autoplay=\u00bbyes\u00bb hide_pagination_control=\u00bbyes\u00bb wrap=\u00bbyes\u00bb][\/vc_column][\/vc_row][\/vc_section]<\/p>\n<\/section>","protected":false},"excerpt":{"rendered":"<p>[vc_section full_width=\u00bbstretch_row\u00bb css=\u00bb.vc_custom_1592262330485{background-image: url(https:\/\/www.helpsintl.org\/wp-content\/uploads\/sites\/4\/2020\/06\/banner-about-us-80.jpg?id=252) !important;}\u00bb el_id=\u00bbour-mission\u00bb el_class=\u00bbsection-filter-grey\u00bb][vc_row][vc_column][vc_column_text] Ofrecemos programas duraderos de valor pr\u00e1ctico, social y espiritual para las personas en el mundo en desarrollo a trav\u00e9s<span class=\"excerpt-hellip\"> [\u2026]<\/span><\/p>\n","protected":false},"author":1,"featured_media":0,"parent":0,"menu_order":0,"comment_status":"closed","ping_status":"closed","template":"","meta":{"footnotes":""},"class_list":["post-1329","page","type-page","status-publish","hentry"],"_links":{"self":[{"href":"https:\/\/www.helpsintl.org\/es\/wp-json\/wp\/v2\/pages\/1329","targetHints":{"allow":["GET"]}}],"collection":[{"href":"https:\/\/www.helpsintl.org\/es\/wp-json\/wp\/v2\/pages"}],"about":[{"href":"https:\/\/www.helpsintl.org\/es\/wp-json\/wp\/v2\/types\/page"}],"author":[{"embeddable":true,"href":"https:\/\/www.helpsintl.org\/es\/wp-json\/wp\/v2\/users\/1"}],"replies":[{"embeddable":true,"href":"https:\/\/www.helpsintl.org\/es\/wp-json\/wp\/v2\/comments?post=1329"}],"version-history":[{"count":0,"href":"https:\/\/www.helpsintl.org\/es\/wp-json\/wp\/v2\/pages\/1329\/revisions"}],"wp:attachment":[{"href":"https:\/\/www.helpsintl.org\/es\/wp-json\/wp\/v2\/media?parent=1329"}],"curies":[{"name":"wp","href":"https:\/\/api.w.org\/{rel}","templated":true}]}}