
{"id":1388,"date":"2020-07-02T18:44:49","date_gmt":"2020-07-02T16:44:49","guid":{"rendered":"https:\/\/www.helpsintl.org\/start-a-team\/"},"modified":"2025-04-28T17:27:45","modified_gmt":"2025-04-28T23:27:45","slug":"empieza-un-equipo","status":"publish","type":"page","link":"https:\/\/www.helpsintl.org\/es\/empieza-un-equipo\/","title":{"rendered":"Empieza un Equipo"},"content":{"rendered":"<section class=\"wpb-content-wrapper\"><p>[vc_section full_width=\u00bbstretch_row_content\u00bb css=\u00bb.vc_custom_1593711232791{background-image: url(https:\/\/www.helpsintl.org\/wp-content\/uploads\/sites\/4\/2020\/07\/startateambanner.jpg?id=677) !important;background-position: center !important;background-repeat: no-repeat !important;background-size: cover !important;}\u00bb el_id=\u00bbbanner\u00bb el_class=\u00bbsection-filter-grey\u00bb][vc_row][vc_column][vc_column_text]<\/p>\n<h1 style=\"text-align: center;\"><strong>Empieza un Equipo<\/strong><\/h1>\n<p>[\/vc_column_text][\/vc_column][\/vc_row][\/vc_section][vc_section full_width=\u00bbstretch_row\u00bb css=\u00bb.vc_custom_1593801531591{background-color: #1b4074 !important;}\u00bb el_class=\u00bbsm-padding text-white\u00bb el_id=\u00bbstart-team\u00bb][vc_row full_width=\u00bbstretch_row\u00bb][vc_column][vc_column_text]<\/p>\n<h3 style=\"text-align: center;\">Al dirigir un equipo educativo, m\u00e9dico o de desarrollo comunitario, puede ofrecer a su grupo una experiencia de servicio significativa que tendr\u00e1 un impacto duradero en sus vidas y en las de los dem\u00e1s.<\/h3>\n<p>[\/vc_column_text][\/vc_column][\/vc_row][\/vc_section][vc_section full_width=\u00bbstretch_row\u00bb css=\u00bb.vc_custom_1593712592602{background-color: #ffffff !important;}\u00bb][vc_row][vc_column css=\u00bb.vc_custom_1597157208200{margin-top: 40px !important;}\u00bb][vc_column_text css=\u00bb.vc_custom_1597157247680{margin-top: 80px !important;margin-bottom: 40px !important;}\u00bb]<\/p>\n<h2 style=\"text-align: center;\"><strong>Sirviendo Juntos<\/strong><\/h2>\n<p>[\/vc_column_text][\/vc_column][\/vc_row][vc_row css=\u00bb.vc_custom_1593712696718{margin-top: 20px !important;}\u00bb][vc_column width=\u00bb1\/3&#8243;][vc_single_image image=\u00bb11105&#8243; img_size=\u00bb200&#215;200&#8243; alignment=\u00bbcenter\u00bb css=\u00bb.vc_custom_1745882735123{margin-bottom: -20px !important;}\u00bb el_class=\u00bbicono-peque\u00f1o\u00bb][vc_column_text]<\/p>\n<p style=\"text-align: justify;\"><strong>Corporaciones:<\/strong> Aumente la cohesi\u00f3n y refuerce el servicio como parte de su cultura organizacional con un viaje de servicio personalizado para su grupo.<\/p>\n<p>[\/vc_column_text][\/vc_column][vc_column width=\u00bb1\/3&#8243;][vc_single_image image=\u00bb11106&#8243; img_size=\u00bb200&#215;200&#8243; alignment=\u00bbcenter\u00bb css=\u00bb.vc_custom_1745882778706{margin-bottom: -20px !important;}\u00bb el_class=\u00bbicono-peque\u00f1o\u00bb][vc_column_text]<\/p>\n<p style=\"text-align: justify;\"><strong>Iglesias:<\/strong> <span style=\"font-weight: 400;\">Vive tu fe y cambia vidas trabajando dentro del marco de HELPS de liderazgo local y continua presencia comunitaria.<\/span><\/p>\n<p>[\/vc_column_text][\/vc_column][vc_column width=\u00bb1\/3&#8243;][vc_single_image image=\u00bb11108&#8243; img_size=\u00bb200&#215;200&#8243; alignment=\u00bbcenter\u00bb css=\u00bb.vc_custom_1745882794515{margin-bottom: -20px !important;}\u00bb el_class=\u00bbicono-peque\u00f1o\u00bb][vc_column_text]<\/p>\n<p style=\"text-align: justify;\"><strong>Familias:<\/strong> Haga que su pr\u00f3xima reuni\u00f3n familiar sea significativa y memorable. Sea una de las muchas familias que HELPS recibe cada a\u00f1o para viajes de servicio.<\/p>\n<p>[\/vc_column_text][\/vc_column][\/vc_row][vc_row css=\u00bb.vc_custom_1593712830713{margin-top: 30px !important;margin-bottom: 40px !important;}\u00bb][vc_column width=\u00bb1\/3&#8243;][vc_single_image image=\u00bb11114&#8243; img_size=\u00bb200&#215;200&#8243; alignment=\u00bbcenter\u00bb css=\u00bb.vc_custom_1745882846579{margin-bottom: -20px !important;}\u00bb el_class=\u00bbicono-peque\u00f1o\u00bb][vc_column_text]<\/p>\n<p style=\"text-align: justify;\"><strong>Hospitales:<\/strong> As\u00f3ciese con HELPS para ofrecer a su personal la oportunidad de brindar atenci\u00f3n m\u00e9dica preventiva y cirug\u00eda en \u00e1reas de extrema pobreza.<\/p>\n<p>[\/vc_column_text][\/vc_column][vc_column width=\u00bb1\/3&#8243;][vc_single_image image=\u00bb11112&#8243; img_size=\u00bb200&#215;200&#8243; alignment=\u00bbcenter\u00bb css=\u00bb.vc_custom_1745882836628{margin-bottom: -20px !important;}\u00bb el_class=\u00bbicono-peque\u00f1o\u00bb][vc_column_text]<\/p>\n<p style=\"text-align: justify;\"><strong>Organizaciones C\u00edvicas:<\/strong> Su grupo c\u00edvico puede tener un impacto sustancial en la salud y en las perspectivas econ\u00f3micas de una comunidad con un viaje de servicio HELPS.<\/p>\n<p>[\/vc_column_text][\/vc_column][vc_column width=\u00bb1\/3&#8243;][vc_single_image image=\u00bb11110&#8243; img_size=\u00bb200&#215;200&#8243; alignment=\u00bbcenter\u00bb css=\u00bb.vc_custom_1745882854674{margin-bottom: -20px !important;}\u00bb el_class=\u00bbicono-peque\u00f1o\u00bb][vc_column_text]<\/p>\n<p style=\"text-align: justify;\"><strong>Colegios:<\/strong> Ayude a sus alumnos a ampliar sus perspectivas mientras trabajan junto a una comunidad local para cambiar vidas.<\/p>\n<p>[\/vc_column_text][\/vc_column][\/vc_row][\/vc_section][vc_section el_id=\u00bbstart-a-team\u00bb css=\u00bb.vc_custom_1593712813835{margin-top: 40px !important;}\u00bb][vc_row][vc_column][vc_column_text css=\u00bb.vc_custom_1597156745420{margin-top: 40px !important;margin-bottom: 20px !important;}\u00bb]<\/p>\n<h2 style=\"text-align: center;\"><strong>\u00a1Empieza un equipo ahora!<\/strong><\/h2>\n<p>[\/vc_column_text][\/vc_column][\/vc_row][vc_row el_class=\u00bbformulario\u00bb][vc_column width=\u00bb1\/2&#8243;][vc_single_image image=\u00bb1399&#8243; img_size=\u00bbfull\u00bb alignment=\u00bbcenter\u00bb style=\u00bbvc_box_shadow\u00bb css=\u00bb.vc_custom_1597339259666{margin-top: 20px !important;border-top-width: 2px !important;border-right-width: 2px !important;border-left-width: 2px !important;padding-bottom: 2px !important;background-position: center !important;background-repeat: no-repeat !important;background-size: cover !important;border-radius: 20px !important;}\u00bb][\/vc_column][vc_column width=\u00bb1\/2&#8243;][vc_column_text css=\u00bb.vc_custom_1702881208859{margin-top: 40px !important;border-top-width: 3px !important;border-right-width: 3px !important;border-bottom-width: 3px !important;border-left-width: 3px !important;padding-top: 25px !important;padding-right: 25px !important;padding-bottom: 25px !important;padding-left: 25px !important;background-color: #ffffff !important;border-left-color: #dd9933 !important;border-left-style: solid !important;border-right-color: #dd9933 !important;border-right-style: solid !important;border-top-color: #dd9933 !important;border-top-style: solid !important;border-bottom-color: #dd9933 !important;border-bottom-style: solid !important;border-radius: 25px !important;}\u00bb]<div class=\"frm_forms  with_frm_style frm_style_estilos-formidable\" id=\"frm_form_3_container\" >\n<form enctype=\"multipart\/form-data\" method=\"post\" class=\"frm-show-form  frm_pro_form \" id=\"form_startateam\" >\n<div class=\"frm_form_fields \">\n<fieldset>\n<legend class=\"frm_screen_reader\">Iniciar un equipo<\/legend>\r\n\r\n<div class=\"frm_fields_container\">\n<input type=\"hidden\" name=\"frm_action\" value=\"create\" \/>\n<input type=\"hidden\" name=\"form_id\" value=\"3\" \/>\n<input type=\"hidden\" name=\"frm_hide_fields_3\" id=\"frm_hide_fields_3\" value=\"\" \/>\n<input type=\"hidden\" name=\"form_key\" value=\"startateam\" \/>\n<input type=\"hidden\" name=\"item_meta[0]\" value=\"\" \/>\n<input type=\"hidden\" id=\"frm_submit_entry_3\" name=\"frm_submit_entry_3\" value=\"1095607150\" \/><input type=\"hidden\" name=\"_wp_http_referer\" value=\"\/es\/wp-json\/wp\/v2\/pages\/1388\" \/><div id=\"frm_field_15_container\" class=\"frm_form_field form-field  frm_required_field frm_inside_container\">\r\n    <label for=\"field_pz7y\" id=\"field_pz7y_label\" class=\"frm_primary_label\">Nombre\r\n        <span class=\"frm_required\">*<\/span>\r\n    <\/label>\r\n    <input  type=\"text\" id=\"field_pz7y\" name=\"item_meta[15]\" value=\"\"  data-reqmsg=\"Nombre cannot be blank.\" aria-required=\"true\" data-invmsg=\"Texto no es v\u00e1lido\" aria-invalid=\"false\"   \/>\r\n    \r\n    \r\n<\/div>\n<div id=\"frm_field_17_container\" class=\"frm_form_field form-field  frm_required_field frm_inside_container\">\r\n    <label for=\"field_bfczl\" id=\"field_bfczl_label\" class=\"frm_primary_label\">Correo Electr\u00f3nico\r\n        <span class=\"frm_required\">*<\/span>\r\n    <\/label>\r\n    <input type=\"email\" id=\"field_bfczl\" name=\"item_meta[17]\" value=\"\"  data-reqmsg=\"Correo Electr\u00f3nico cannot be blank.\" aria-required=\"true\" data-invmsg=\"Correo electr\u00f3nico no es v\u00e1lido\" aria-invalid=\"false\"  \/>\r\n    \r\n    \r\n<\/div>\n<div id=\"frm_field_19_container\" class=\"frm_form_field form-field  frm_required_field frm_top_container\">\r\n    <label for=\"field_6tmsy\" id=\"field_6tmsy_label\" class=\"frm_primary_label\">\u00bfQue tipo de equipo est\u00e1 interesado en formar?\r\n        <span class=\"frm_required\">*<\/span>\r\n    <\/label>\r\n    \t\t<select name=\"item_meta[19]\" id=\"field_6tmsy\"  data-reqmsg=\"Este campo no puede estar en blanco\" aria-required=\"true\" data-invmsg=\"\u00bfQue tipo de equipo est\u00e1 interesado en formar? no es v\u00e1lido\" aria-invalid=\"false\"  >\n\t\t<option  value=\"Medical\/Dental\">M\u00e9dico\/Dental<\/option><option  value=\"Community Develpment\">Desarrollo comunitario<\/option><option  value=\"Education\">Education<\/option><option  value=\"Other\/Not Sure\">Otro\/No estoy seguro<\/option>\t<\/select>\n\t\r\n    \r\n    \r\n<\/div>\n<div id=\"frm_field_20_container\" class=\"frm_form_field form-field  frm_required_field frm_top_container frm_other_container\">\r\n    <label for=\"field_ggnb1\" id=\"field_ggnb1_label\" class=\"frm_primary_label\">\u00bfCu\u00e1ndo le gustar\u00eda servir con HELPS?\r\n        <span class=\"frm_required\">*<\/span>\r\n    <\/label>\r\n    \t\t<select name=\"item_meta[20]\" id=\"field_ggnb1\"  data-reqmsg=\"Este campo no puede estar en blanco.\" aria-required=\"true\" data-invmsg=\"\u00bfCu\u00e1ndo le gustar\u00eda servir con HELPS? no es v\u00e1lido\" aria-invalid=\"false\"  >\n\t\t<option  value=\"Summer 2024\" class=\"frm_other_trigger\">Summer 2024<\/option><option  value=\"Fall 2024\">Fall 2024<\/option><option  value=\"Winter 2024\/2025\">Winter 2024\/2025<\/option><option  value=\"Spring 2025\">Spring 2025<\/option><option  value=\"Summer 2025\">Summer 2025<\/option><option  value=\"Fall 2025\">Fall 2025<\/option><option  value=\"Winter 2025\/2026\">Winter 2025\/2026<\/option><option  value=\"Other\/Not Sure\">Otro\/No estoy seguro<\/option>\t<\/select>\n\t<label for=\"field_ggnb1-otext\" class=\"frm_screen_reader frm_hidden\">\u00bfCu\u00e1ndo le gustar\u00eda servir con HELPS?<\/label><input type=\"text\" id=\"field_ggnb1-otext\" class=\"frm_other_input frm_pos_none\"  name=\"item_meta[other][20]\" value=\"\" \/>\r\n    \r\n    \r\n<\/div>\n<div id=\"frm_field_18_container\" class=\"frm_form_field form-field  frm_required_field frm_inside_container\">\r\n    <label for=\"field_2k9rz\" id=\"field_2k9rz_label\" class=\"frm_primary_label\">Cu\u00e9ntanos sobre tu grupo\r\n        <span class=\"frm_required\">*<\/span>\r\n    <\/label>\r\n    <textarea name=\"item_meta[18]\" id=\"field_2k9rz\" rows=\"5\"  data-reqmsg=\"Cu\u00e9ntanos sobre tu grupo cannot be blank.\" aria-required=\"true\" data-invmsg=\"Cu\u00e9ntanos sobre tu grupo no es v\u00e1lido\" aria-invalid=\"false\"  ><\/textarea>\r\n    \r\n    \r\n<\/div>\n<div id=\"frm_field_178_container\" class=\"frm_form_field form-field  frm_none_container\">\r\n    <label for=\"g-recaptcha-response\" id=\"field_majhx_label\" class=\"frm_primary_label\">reCAPTCHA\r\n        <span class=\"frm_required\"><\/span>\r\n    <\/label>\r\n    <div  id=\"field_majhx\" class=\"frm-g-recaptcha\" data-sitekey=\"6Le-ed8ZAAAAAD8M55YlQ4ZX5sZLjiWelWqe2zZB\" data-size=\"invisible\" data-theme=\"light\"><\/div>\r\n    \r\n    \r\n<\/div>\n<div id=\"frm_field_328_container\" class=\"frm_form_field form-field \">\n\t<div class=\"frm_submit\">\r\n\r\n<button class=\"frm_button_submit frm_final_submit\" type=\"submit\"  formnovalidate=\"formnovalidate\">Submit<\/button>\r\n\r\n<\/div>\n<\/div>\n\t<input type=\"hidden\" name=\"item_key\" value=\"\" \/>\n\t\t\t\t<div class=\"frm__6652bcba96e62\">\n\t\t\t\t<label for=\"frm_email_3\" >\n\t\t\t\t\tSi eres humano, deja este campo en blanco.\t\t\t\t<\/label>\n\t\t\t\t<input  id=\"frm_email_3\" type=\"text\" class=\"frm_verify\" name=\"frm__6652bcba96e62\" value=\"\" autocomplete=\"off\"  \/>\n\t\t\t<\/div>\n\t\t<input name=\"frm_state\" type=\"hidden\" value=\"g6DmB2XKJRBIbBMDsjlYwBBzGwo+vecv5c5\/ZeDNkX4=\" \/><\/div>\n<\/fieldset>\n<\/div>\n\n<p style=\"display: none !important;\" class=\"akismet-fields-container\" data-prefix=\"ak_\"><label>&#916;<textarea name=\"ak_hp_textarea\" cols=\"45\" rows=\"8\" maxlength=\"100\"><\/textarea><\/label><input type=\"hidden\" id=\"ak_js_1\" name=\"ak_js\" value=\"147\"\/><script>document.getElementById( \"ak_js_1\" ).setAttribute( \"value\", ( new Date() ).getTime() );<\/script><\/p><\/form>\n<\/div>\n[\/vc_column_text][\/vc_column][\/vc_row][\/vc_section]<\/p>\n<\/section>","protected":false},"excerpt":{"rendered":"<p>[vc_section full_width=\u00bbstretch_row_content\u00bb css=\u00bb.vc_custom_1593711232791{background-image: url(https:\/\/www.helpsintl.org\/wp-content\/uploads\/sites\/4\/2020\/07\/startateambanner.jpg?id=677) !important;background-position: center !important;background-repeat: no-repeat !important;background-size: cover !important;}\u00bb el_id=\u00bbbanner\u00bb el_class=\u00bbsection-filter-grey\u00bb][vc_row][vc_column][vc_column_text] Empieza un Equipo [\/vc_column_text][\/vc_column][\/vc_row][\/vc_section][vc_section full_width=\u00bbstretch_row\u00bb css=\u00bb.vc_custom_1593801531591{background-color: #1b4074 !important;}\u00bb el_class=\u00bbsm-padding text-white\u00bb el_id=\u00bbstart-team\u00bb][vc_row full_width=\u00bbstretch_row\u00bb][vc_column][vc_column_text] Al<span class=\"excerpt-hellip\"> [\u2026]<\/span><\/p>\n","protected":false},"author":1,"featured_media":0,"parent":0,"menu_order":0,"comment_status":"closed","ping_status":"closed","template":"","meta":{"footnotes":""},"class_list":["post-1388","page","type-page","status-publish","hentry"],"_links":{"self":[{"href":"https:\/\/www.helpsintl.org\/es\/wp-json\/wp\/v2\/pages\/1388","targetHints":{"allow":["GET"]}}],"collection":[{"href":"https:\/\/www.helpsintl.org\/es\/wp-json\/wp\/v2\/pages"}],"about":[{"href":"https:\/\/www.helpsintl.org\/es\/wp-json\/wp\/v2\/types\/page"}],"author":[{"embeddable":true,"href":"https:\/\/www.helpsintl.org\/es\/wp-json\/wp\/v2\/users\/1"}],"replies":[{"embeddable":true,"href":"https:\/\/www.helpsintl.org\/es\/wp-json\/wp\/v2\/comments?post=1388"}],"version-history":[{"count":0,"href":"https:\/\/www.helpsintl.org\/es\/wp-json\/wp\/v2\/pages\/1388\/revisions"}],"wp:attachment":[{"href":"https:\/\/www.helpsintl.org\/es\/wp-json\/wp\/v2\/media?parent=1388"}],"curies":[{"name":"wp","href":"https:\/\/api.w.org\/{rel}","templated":true}]}}