
{"id":1407,"date":"2020-07-02T18:43:38","date_gmt":"2020-07-02T16:43:38","guid":{"rendered":"https:\/\/www.helpsintl.org\/faq\/"},"modified":"2024-05-08T02:31:52","modified_gmt":"2024-05-08T08:31:52","slug":"preguntas-frecuentes","status":"publish","type":"page","link":"https:\/\/www.helpsintl.org\/es\/preguntas-frecuentes\/","title":{"rendered":"Preguntas Frecuentes"},"content":{"rendered":"<section class=\"wpb-content-wrapper\"><p>[vc_section full_width=\u00bbstretch_row_content\u00bb css=\u00bb.vc_custom_1594060300293{background-image: url(https:\/\/www.helpsintl.org\/wp-content\/uploads\/sites\/4\/2020\/07\/FAQ-banner.jpg?id=822) !important;background-position: center !important;background-repeat: no-repeat !important;background-size: cover !important;}\u00bb el_id=\u00bbbanner\u00bb el_class=\u00bbsection-filter-grey\u00bb][vc_row][vc_column][vc_column_text]<\/p>\n<h1 style=\"text-align: center;\"><strong>Preguntas Frecuentes<\/strong><\/h1>\n<p>[\/vc_column_text][\/vc_column][\/vc_row][\/vc_section][vc_section css=\u00bb.vc_custom_1594135532077{margin-top: 40px !important;}\u00bb][vc_row][vc_column][vc_tta_accordion style=\u00bbflat\u00bb spacing=\u00bb5&#8243; c_align=\u00bbcenter\u00bb active_section=\u00bb\u00bb collapsible_all=\u00bbtrue\u00bb][vc_tta_section title=\u00bb\u00bfCu\u00e1nto cuesta unirse a un viaje de servicio?\u00bb tab_id=\u00bb1594135308337-9805b2c4-8ea7&#8243;][vc_column_text]<\/p>\n<p style=\"text-align: justify;\">El costo para participar en los equipos de servicio var\u00eda de $1,500 a $2,500 dependiendo de una variedad de factores, incluido si HELPS hace la log\u00edstica de su boleto a\u00e9reo y seguro, la \u00e9poca del a\u00f1o, duraci\u00f3n y destino del viaje, etc.<\/p>\n<p style=\"text-align: justify;\">Este costo incluye transporte en el pa\u00eds, alojamiento, la mayor\u00eda de las comidas y un equipo de seguridad. Una peque\u00f1a parte del costo tambi\u00e9n ayuda a apoyar el liderazgo local, el personal de campo y la infraestructura del programa en Guatemala para apoyar a las comunidades donde trabajan los equipos y garantizar el \u00e9xito a largo plazo de los esfuerzos de los voluntarios.<\/p>\n<p>[\/vc_column_text][\/vc_tta_section][vc_tta_section title=\u00bb\u00bfHELPS proporciona becas para viajes de servicio?\u00bb tab_id=\u00bb1594135308337-b66e92f5-5b8a\u00bb][vc_column_text]<\/p>\n<p style=\"text-align: justify;\">HELPS International actualmente no tiene fondos para proporcionar estipendios o becas, pero algunos equipos s\u00ed. Si est\u00e1 interesado en averiguar si hay estipendios disponibles, complete una solicitud y, en el campo de comentarios, escriba \u00abSolo puede ir si se proporciona asistencia financiera\u00bb. De esa manera, los l\u00edderes del equipo ser\u00e1n alertados y proceder\u00e1n en consecuencia.<\/p>\n<p style=\"text-align: justify;\">Muchos voluntarios tambi\u00e9n optan por buscar patrocinio a trav\u00e9s de sus empresas o recaudar fondos entre amigos y familiares.<\/p>\n<p>[\/vc_column_text][\/vc_tta_section][vc_tta_section title=\u00bb\u00bfC\u00f3mo pago mi viaje de servicio?\u00bb tab_id=\u00bb1594139142002-1c878af6-5206&#8243;][vc_column_text]Puede pagar su viaje con cheque, transferencia bancaria o tarjeta de cr\u00e9dito. Para pagar en l\u00ednea, simplemente haga clic en el bot\u00f3n naranja \u00abDonar\u00bb y seleccione la campa\u00f1a de equipo a la que se unir\u00e1. Tambi\u00e9n puede pedir a su jefe de equipo el enlace de donaci\u00f3n directa.<\/p>\n<p>Si paga con cheque, indique el nombre del voluntario y el n\u00famero de equipo en la l\u00ednea de la nota. Puede enviar su pago a<\/p>\n<p>ATTN Donna Stanley<br \/>\nHELPS Internacional<br \/>\n15301 Dallas Parkway, Suite 200<br \/>\nAddison, TX 75001-4668<\/p>\n<p>Si desea efectuar un pago con tarjeta de cr\u00e9dito por tel\u00e9fono, ll\u00e1menos al <a href=\"tel:469-779-7101\">469-779-7101<\/a> y seleccione la opci\u00f3n 2.[\/vc_column_text][\/vc_tta_section][vc_tta_section title=\u00bb\u00bfDe d\u00f3nde son los equipos de HELPS?\u00bb tab_id=\u00bb1594140523485-f5805033-827b\u00bb][vc_column_text]<\/p>\n<p style=\"text-align: justify;\">Si bien los equipos a menudo est\u00e1n compuestos principalmente por voluntarios de una ciudad espec\u00edfica, los voluntarios no necesitan ser de esa regi\u00f3n para unirse a un equipo. Todos los equipos enumerados en la p\u00e1gina de fechas de viaje de servicio pueden aceptar voluntarios de todo Estados Unidos y m\u00e1s all\u00e1.<\/p>\n<p>[\/vc_column_text][\/vc_tta_section][vc_tta_section title=\u00bb\u00bfA d\u00f3nde van los equipos en Guatemala?\u00bb tab_id=\u00bb1594140563901-33974242-011f\u00bb][vc_column_text]<\/p>\n<p style=\"text-align: justify;\">Los equipos viajan a varios destinos en Guatemala, principalmente en \u00e1reas rurales donde las tasas de pobreza son extremadamente altas y hay pocas organizaciones de ayuda. Los equipos m\u00e9dicos generalmente viajan a uno de los ocho lugares diferentes donde tenemos instalaciones adecuadas para establecer hospitales temporales. La mayor\u00eda de los equipos de desarrollo comunitario viajan a las tierras altas en el occidente Guatemala, aunque pueden viajar a cualquier parte del pa\u00eds.<\/p>\n<p>[\/vc_column_text][\/vc_tta_section][vc_tta_section title=\u00bb\u00bfCu\u00e1nto duran los viajes de servicio?\u00bb tab_id=\u00bb1594140686532-4adb2180-80f9&#8243;][vc_column_text]<\/p>\n<p style=\"text-align: justify;\">El n\u00famero de d\u00edas var\u00eda seg\u00fan el equipo, pero usualmente de 10 a 12 d\u00edas. Por lo general, los equipos llegan a Guatemala un s\u00e1bado y viajan a la ubicaci\u00f3n de la misi\u00f3n el domingo. All\u00ed, trabajan de lunes a viernes (a veces los s\u00e1bados), y luego viajan a la hermosa ciudad colonial de Antigua por unos d\u00edas de descanso y recuperaci\u00f3n, antes de regresar a los EE. UU.<\/p>\n<p>[\/vc_column_text][\/vc_tta_section][vc_tta_section title=\u00bbSi aplico, \u00bfser\u00e9 aceptado\/a autom\u00e1ticamente?\u00bb tab_id=\u00bb1594140728258-f61876e9-2bd4&#8243;][vc_column_text]<\/p>\n<p style=\"text-align: justify;\">No. El reclutamiento es realizado por los l\u00edderes de equipo en funci\u00f3n de las necesidades espec\u00edficas, y no hay garant\u00eda de que tengan espacio para todos los que lo soliciten. Sin embargo, se da una cuidadosa consideraci\u00f3n a cada solicitante, y generalmente la mayor\u00eda son aceptados.<\/p>\n<p>[\/vc_column_text][\/vc_tta_section][vc_tta_section title=\u00bbSi aplico, \u00bfse me solicitar\u00e1 que vaya, pase lo que pase?\u00bb tab_id=\u00bb1594140838967-675949ca-9aba\u00bb][vc_column_text]<\/p>\n<p style=\"text-align: justify;\">No. Los voluntarios se excusan despu\u00e9s de presentar una solicitud y\/o ser aceptados por una variedad de razones, que incluyen la disponibilidad m\u00e9dica, financiera y\/o de tiempo. Si es aceptado y no puede viajar, simplemente le pedimos que avise al l\u00edder de su equipo lo antes posible para que puedan actuar en consecuencia.<\/p>\n<p style=\"text-align: justify;\">Si un voluntario ha pagado las tarifas del viaje de servicio y no puede ir al viaje, HELPS puede ofrecer un reembolso total o parcial de las tarifas. Si no puede ir despu\u00e9s de pagar sus tarifas, comun\u00edquese con el l\u00edder de su equipo inmediatamente para analizar la mejor opci\u00f3n para administrar sus fondos.<\/p>\n<p>[\/vc_column_text][\/vc_tta_section][vc_tta_section title=\u00bb\u00bfCu\u00e1ntos voluntarios\/as hay en los equipos?\u00bb tab_id=\u00bb1594140929247-d0fed663-9203&#8243;][vc_column_text]Los equipos de desarrollo comunitario y educaci\u00f3n pueden tener tan s\u00f3lo 8 voluntarios, mientras que los equipos que prestan servicios m\u00e9dicos y de desarrollo comunitario pueden tener hasta 120 voluntarios.<\/p>\n<p>&nbsp;[\/vc_column_text][\/vc_tta_section][vc_tta_section title=\u00bb\u00bfPuedo comenzar mi propio equipo?\u00bb tab_id=\u00bb1594140965155-a4efdebe-7782&#8243;][vc_column_text]<\/p>\n<p style=\"text-align: justify;\">Si est\u00e1 interesado en crear un nuevo equipo educativo, de desarrollo comunitario o m\u00e9dico, p\u00f3ngase en contacto con nosotros en <a href=\"mailto:info@helpsintl.org\">info@helpsintl.org<\/a>. Responderemos a cualquier pregunta que tengas y te guiaremos en el proceso de principio a fin.<\/p>\n<p>[\/vc_column_text][\/vc_tta_section][vc_tta_section title=\u00bb\u00bfPuedo unirme a varios equipos cada a\u00f1o?\u00bb tab_id=\u00bb1594140970917-157f1a72-d354&#8243;][vc_column_text]<\/p>\n<p style=\"text-align: justify;\">\u00a1Absolutamente s\u00ed! No limitamos la cantidad de veces que los voluntarios sirven, por lo que siempre puede unirse a m\u00e1s de un equipo cada a\u00f1o.<\/p>\n<p>[\/vc_column_text][\/vc_tta_section][\/vc_tta_accordion][\/vc_column][\/vc_row][\/vc_section][vc_section][vc_row][vc_column][vc_column_text]<\/p>\n<p style=\"text-align: center;\">S\u00ed tienes m\u00e1s preguntas, env\u00edanos un correo a <strong><span style=\"color: #ff6600;\"><a style=\"color: #ff6600;\" href=\"mailto:info@helpsintl.org\">info@helpsintl.org<\/a><\/span><\/strong><\/p>\n<p>[\/vc_column_text][\/vc_column][\/vc_row][\/vc_section]<\/p>\n<\/section>","protected":false},"excerpt":{"rendered":"<p>[vc_section full_width=\u00bbstretch_row_content\u00bb css=\u00bb.vc_custom_1594060300293{background-image: url(https:\/\/www.helpsintl.org\/wp-content\/uploads\/sites\/4\/2020\/07\/FAQ-banner.jpg?id=822) !important;background-position: center !important;background-repeat: no-repeat !important;background-size: cover !important;}\u00bb el_id=\u00bbbanner\u00bb el_class=\u00bbsection-filter-grey\u00bb][vc_row][vc_column][vc_column_text] Preguntas Frecuentes [\/vc_column_text][\/vc_column][\/vc_row][\/vc_section][vc_section css=\u00bb.vc_custom_1594135532077{margin-top: 40px !important;}\u00bb][vc_row][vc_column][vc_tta_accordion style=\u00bbflat\u00bb spacing=\u00bb5&#8243; c_align=\u00bbcenter\u00bb active_section=\u00bb\u00bb collapsible_all=\u00bbtrue\u00bb][vc_tta_section title=\u00bb\u00bfCu\u00e1nto cuesta<span class=\"excerpt-hellip\"> [\u2026]<\/span><\/p>\n","protected":false},"author":1,"featured_media":0,"parent":0,"menu_order":0,"comment_status":"closed","ping_status":"closed","template":"","meta":{"footnotes":""},"class_list":["post-1407","page","type-page","status-publish","hentry"],"_links":{"self":[{"href":"https:\/\/www.helpsintl.org\/es\/wp-json\/wp\/v2\/pages\/1407","targetHints":{"allow":["GET"]}}],"collection":[{"href":"https:\/\/www.helpsintl.org\/es\/wp-json\/wp\/v2\/pages"}],"about":[{"href":"https:\/\/www.helpsintl.org\/es\/wp-json\/wp\/v2\/types\/page"}],"author":[{"embeddable":true,"href":"https:\/\/www.helpsintl.org\/es\/wp-json\/wp\/v2\/users\/1"}],"replies":[{"embeddable":true,"href":"https:\/\/www.helpsintl.org\/es\/wp-json\/wp\/v2\/comments?post=1407"}],"version-history":[{"count":0,"href":"https:\/\/www.helpsintl.org\/es\/wp-json\/wp\/v2\/pages\/1407\/revisions"}],"wp:attachment":[{"href":"https:\/\/www.helpsintl.org\/es\/wp-json\/wp\/v2\/media?parent=1407"}],"curies":[{"name":"wp","href":"https:\/\/api.w.org\/{rel}","templated":true}]}}