
{"id":1414,"date":"2020-07-06T18:54:47","date_gmt":"2020-07-06T16:54:47","guid":{"rendered":"https:\/\/www.helpsintl.org\/donate\/"},"modified":"2024-08-12T15:18:36","modified_gmt":"2024-08-12T21:18:36","slug":"donar","status":"publish","type":"page","link":"https:\/\/www.helpsintl.org\/es\/donar\/","title":{"rendered":"Donar"},"content":{"rendered":"<section class=\"wpb-content-wrapper\"><p>[vc_section full_width=\u00bbstretch_row_content\u00bb css=\u00bb.vc_custom_1594060012170{background-image: url(https:\/\/www.helpsintl.org\/wp-content\/uploads\/sites\/4\/2020\/07\/donatebanner.jpg?id=820) !important;background-position: center !important;background-repeat: no-repeat !important;background-size: cover !important;}\u00bb el_id=\u00bbbanner\u00bb el_class=\u00bbsection-filter-grey\u00bb][vc_row][vc_column][vc_column_text]<\/p>\n<h1 style=\"text-align: center\"><strong>Donar<\/strong><\/h1>\n<p>[\/vc_column_text][\/vc_column][\/vc_row][\/vc_section][vc_section el_id=\u00bbdescription_donate\u00bb][vc_row][vc_column][vc_column_text]<\/p>\n<p style=\"text-align: center\"><span style=\"color: #000000\"><em>Tu donaci\u00f3n a nuestra misi\u00f3n provee servicios de salud, hogares y ambientes libres de humo, agua limpia, educaci\u00f3n de calidad, y seguridad alimentaria a miles de personas. <\/em><\/span><\/p>\n<p style=\"text-align: center\"><span style=\"color: #000000\"><em>Gracias por unirte y apoyar nuestros programas.<\/em><\/span><\/p>\n<h4 style=\"text-align: center\"><span style=\"color: #000000\"><em><strong>Si deseas realizar tu donaci\u00f3n:<\/strong><\/em><\/span><\/h4>\n<p>[\/vc_column_text][\/vc_column][\/vc_row][vc_row full_width=\u00bbstretch_row_content\u00bb content_placement=\u00bbmiddle\u00bb][vc_column][vc_btn title=\u00bbDonar ahora\u00bb size=\u00bbxs\u00bb link=\u00bburl:https%3A%2F%2Fhelpsintl.kindful.com%2F|\u00bb][vc_btn title=\u00bbPaypal\u00bb size=\u00bbxs\u00bb link=\u00bburl:https%3A%2F%2Fwww.helpsintl.org%2Fes%2Fpaypal%2F|title:https%3A%2F%2Fwww.helpsintl.org%2Fes%2Fdonar%2F|\u00bb][\/vc_column][\/vc_row][\/vc_section]<\/p>\n<\/section>","protected":false},"excerpt":{"rendered":"<p>[vc_section full_width=\u00bbstretch_row_content\u00bb css=\u00bb.vc_custom_1594060012170{background-image: url(https:\/\/www.helpsintl.org\/wp-content\/uploads\/sites\/4\/2020\/07\/donatebanner.jpg?id=820) !important;background-position: center !important;background-repeat: no-repeat !important;background-size: cover !important;}\u00bb el_id=\u00bbbanner\u00bb el_class=\u00bbsection-filter-grey\u00bb][vc_row][vc_column][vc_column_text] Donar [\/vc_column_text][\/vc_column][\/vc_row][\/vc_section][vc_section el_id=\u00bbdescription_donate\u00bb][vc_row][vc_column][vc_column_text] Tu donaci\u00f3n a nuestra misi\u00f3n provee servicios de salud, hogares<span class=\"excerpt-hellip\"> [\u2026]<\/span><\/p>\n","protected":false},"author":1,"featured_media":0,"parent":0,"menu_order":0,"comment_status":"closed","ping_status":"closed","template":"","meta":{"footnotes":""},"class_list":["post-1414","page","type-page","status-publish","hentry"],"_links":{"self":[{"href":"https:\/\/www.helpsintl.org\/es\/wp-json\/wp\/v2\/pages\/1414","targetHints":{"allow":["GET"]}}],"collection":[{"href":"https:\/\/www.helpsintl.org\/es\/wp-json\/wp\/v2\/pages"}],"about":[{"href":"https:\/\/www.helpsintl.org\/es\/wp-json\/wp\/v2\/types\/page"}],"author":[{"embeddable":true,"href":"https:\/\/www.helpsintl.org\/es\/wp-json\/wp\/v2\/users\/1"}],"replies":[{"embeddable":true,"href":"https:\/\/www.helpsintl.org\/es\/wp-json\/wp\/v2\/comments?post=1414"}],"version-history":[{"count":0,"href":"https:\/\/www.helpsintl.org\/es\/wp-json\/wp\/v2\/pages\/1414\/revisions"}],"wp:attachment":[{"href":"https:\/\/www.helpsintl.org\/es\/wp-json\/wp\/v2\/media?parent=1414"}],"curies":[{"name":"wp","href":"https:\/\/api.w.org\/{rel}","templated":true}]}}