
{"id":1475,"date":"2020-06-23T23:44:50","date_gmt":"2020-06-23T21:44:50","guid":{"rendered":"https:\/\/www.helpsintl.org\/education-program\/"},"modified":"2024-05-13T10:21:08","modified_gmt":"2024-05-13T16:21:08","slug":"programa-de-educacion","status":"publish","type":"page","link":"https:\/\/www.helpsintl.org\/es\/programa-de-educacion\/","title":{"rendered":"Programa de Educaci\u00f3n"},"content":{"rendered":"<section class=\"wpb-content-wrapper\"><p>[vc_section full_width=\u00bbstretch_row\u00bb content_placement=\u00bbmiddle\u00bb css=\u00bb.vc_custom_1592948599213{background-image: url(https:\/\/www.helpsintl.org\/wp-content\/uploads\/sites\/4\/2020\/06\/desarrollo-helps-3.jpg?id=481) !important;background-position: center !important;background-repeat: no-repeat !important;background-size: cover !important;}\u00bb el_id=\u00bbbanner\u00bb el_class=\u00bbsection-filter-grey\u00bb][vc_row el_class=\u00bbprogram-banner\u00bb][vc_column][vc_column_text]<\/p>\n<h2 style=\"text-align: center\"><span style=\"color: #ffffff\"><strong>Programa de Educaci\u00f3n:<\/strong><\/span><br \/>\n<span style=\"color: #ffffff\"><strong>Formando a futuros l\u00edderes<\/strong><\/span><\/h2>\n<p>[\/vc_column_text][vc_btn title=\u00bbDonar\u00bb align=\u00bbcenter\u00bb link=\u00bburl:https%3A%2F%2Fhelpsintl.kindful.com%2F%3Fcampaign%3D1264217|title:Donate\u00bb][\/vc_column][\/vc_row][\/vc_section][vc_section content_placement=\u00bbmiddle\u00bb el_class=\u00bbinformacion-general\u00bb][vc_row][vc_column width=\u00bb1\/12&#8243;][\/vc_column][vc_column width=\u00bb5\/6&#8243;][vc_single_image image=\u00bb1223&#8243; alignment=\u00bbcenter\u00bb][vc_column_text]En un pa\u00eds donde la mitad de la poblaci\u00f3n vive bajo la l\u00ednea de la pobreza, las barreras que enfrentan los ni\u00f1os para obtener educaci\u00f3n son demasiado altas. Mientras ellos pueden que ya est\u00e9n luchando para abastecer sus necesidades b\u00e1sicas, las familias deben hacer frente a los costos de los uniformes de la escuela, materiales, transporte y el ingreso faltante del estudiante.<\/p>\n<p>Como resultado, hoy en d\u00eda 2 millones de ni\u00f1os en Guatemala, en su mayor\u00eda ni\u00f1as, no van a la escuela. El sesenta por ciento de la poblaci\u00f3n ind\u00edgena no puede leer o escribir y uno de cada cinco ni\u00f1os no se graduar\u00e1 del sexto grado primaria.<\/p>\n<p>En respuesta a la crisis de educaci\u00f3n en su propia comunidad, un grupo de ancianos y madres de familia en la aldea remota guatemalteca de Santa Avelina, contact\u00f3 a HELPS para comenzar una escuela primaria hace 20 a\u00f1os. Ten\u00edan un simple deseo: \u2018\u2018Queremos una mejor vida para nuestros ni\u00f1os.\u2019\u2019<\/p>\n<p>Los voluntarios de HELPS atendieron esa llamada inaugurando la Escuela Experimental William M. Botnan, una escuela primaria \u00fanica en su clase donde las mejores pr\u00e1cticas de ense\u00f1anza respetan el idioma local y cultura.<\/p>\n<p>Con maestros altamente capacitados, clases seguras, padres de familia involucrados y materiales de calidad que necesiten, los estudiantes en Santa Avelina est\u00e1n dominando habilidades que les ayudar\u00e1 a llevar a su comunidad fuera de la pobreza.[\/vc_column_text][\/vc_column][vc_column width=\u00bb1\/12&#8243;][\/vc_column][\/vc_row][\/vc_section][vc_section el_class=\u00bbprogram-impact\u00bb][vc_row][vc_column][vc_column_text el_class=\u00bb.dashes-titulo\u00bb]<\/p>\n<h2 style=\"text-align: center\">Impacto del Programa<\/h2>\n<p>[\/vc_column_text][\/vc_column][\/vc_row][vc_row full_width=\u00bbstretch_row_content_no_spaces\u00bb gap=\u00bb1&#8243; content_placement=\u00bbmiddle\u00bb][vc_column width=\u00bb1\/4&#8243;][vc_column_text]<\/p>\n<h3 style=\"text-align: center\">192<\/h3>\n<p style=\"text-align: center\">estudiantes asisten a la escuela primaria de HELPS desde prek\u00ednder hasta sexto grado, incluido el programa de estimulaci\u00f3n temprana.<\/p>\n<p>[\/vc_column_text][\/vc_column][vc_column width=\u00bb1\/4&#8243;][vc_single_image image=\u00bb1479&#8243; img_size=\u00bb\u00bb][\/vc_column][vc_column width=\u00bb1\/4&#8243;][vc_column_text]<\/p>\n<h3 style=\"text-align: center\">555<\/h3>\n<p style=\"text-align: center\">estudiantes se han graduado de la escuela primaria de HELPS desde 1998.<\/p>\n<p>[\/vc_column_text][\/vc_column][vc_column width=\u00bb1\/4&#8243;][vc_single_image image=\u00bb1480&#8243; img_size=\u00bb\u00bb][\/vc_column][\/vc_row][vc_row full_width=\u00bbstretch_row_content_no_spaces\u00bb gap=\u00bb1&#8243; equal_height=\u00bbyes\u00bb content_placement=\u00bbmiddle\u00bb el_class=\u00bbrow-programs\u00bb][vc_column width=\u00bb1\/4&#8243;][vc_single_image image=\u00bb1482&#8243; img_size=\u00bb\u00bb][\/vc_column][vc_column width=\u00bb1\/4&#8243;][vc_column_text]<\/p>\n<h3 style=\"text-align: center\">US$3,2<\/h3>\n<p style=\"text-align: center\">millones ha sido el impacto econ\u00f3mico desde el inicio del programa.<\/p>\n<p>[\/vc_column_text][\/vc_column][vc_column width=\u00bb1\/4&#8243;][vc_single_image image=\u00bb1477&#8243; img_size=\u00bb\u00bb][\/vc_column][vc_column width=\u00bb1\/4&#8243;][vc_column_text]<\/p>\n<h3 style=\"text-align: center\">80<\/h3>\n<p style=\"text-align: center\">libros se han escrito e ilustrado en Ixil de Cotzal para lectores emergentes de todas las edades.<\/p>\n<p>[\/vc_column_text][\/vc_column][\/vc_row][\/vc_section][vc_section full_width=\u00bbstretch_row\u00bb el_class=\u00bbsection-bg-gray section-md-padding video-program\u00bb][vc_row][vc_column width=\u00bb1\/6&#8243;][\/vc_column][vc_column width=\u00bb2\/3&#8243;][vc_video link=\u00bbhttps:\/\/vimeo.com\/232524350&#8243; align=\u00bbcenter\u00bb][\/vc_column][vc_column width=\u00bb1\/6&#8243;][\/vc_column][\/vc_row][\/vc_section][vc_section el_class=\u00bbprogram-testimonials\u00bb][vc_row][vc_column][vc_column_text]<\/p>\n<h2 style=\"text-align: center\">\u00bfC\u00d3MO PUEDES AYUDAR?<\/h2>\n<p>Los estudiantes y maestros de HELPS dependen de la generosidad de los patrocinadores cuyas donaciones costean los materiales y libros escolares, pagan los salarios de los maestros locales, proveen capacitaciones y m\u00e1s. Cada donaci\u00f3n para la escuela hace una diferencia.[\/vc_column_text][\/vc_column][\/vc_row][vc_row][vc_column width=\u00bb1\/2&#8243;][vc_single_image image=\u00bb1477&#8243; img_size=\u00bb\u00bb alignment=\u00bbcenter\u00bb][vc_column_text]<\/p>\n<h3 style=\"text-align: center\">Escuela primaria (primero a sexto grado)<\/h3>\n<p style=\"text-align: center\">&#8211; Beca completa US $ 1,000. Dividido por 12 meses US $84<br \/>\n&#8211; Beca parcial US $ 500. Dividido por 12 meses US $42[\/vc_column_text][vc_btn title=\u00bbDonar ahora\u00bb align=\u00bbcenter\u00bb link=\u00bburl:https%3A%2F%2Fhelpsintl.kindful.com%2F%3Fcampaign%3D1264211|title:Donate\u00bb el_class=\u00bbboton-fondo-blanco\u00bb][\/vc_column][vc_column width=\u00bb1\/2&#8243;][vc_single_image image=\u00bb1485&#8243; img_size=\u00bb\u00bb alignment=\u00bbcenter\u00bb][vc_column_text]<\/p>\n<h3 style=\"text-align: center\">Estimulaci\u00f3n Temprana<\/h3>\n<p style=\"text-align: center\">&#8211; Apoyo al programa US $ 500. Dividido por 12 meses US $42<\/p>\n<p>[\/vc_column_text][vc_btn title=\u00bbDonar ahora\u00bb align=\u00bbcenter\u00bb link=\u00bburl:https%3A%2F%2Fhelpsintl.kindful.com%2F%3Fcampaign%3D1264209|title:Donate\u00bb el_class=\u00bbboton-fondo-blanco\u00bb][\/vc_column][\/vc_row][vc_row][vc_column][\/vc_column][\/vc_row][\/vc_section]<\/p>\n<\/section>","protected":false},"excerpt":{"rendered":"<p>[vc_section full_width=\u00bbstretch_row\u00bb content_placement=\u00bbmiddle\u00bb css=\u00bb.vc_custom_1592948599213{background-image: url(https:\/\/www.helpsintl.org\/wp-content\/uploads\/sites\/4\/2020\/06\/desarrollo-helps-3.jpg?id=481) !important;background-position: center !important;background-repeat: no-repeat !important;background-size: cover !important;}\u00bb el_id=\u00bbbanner\u00bb el_class=\u00bbsection-filter-grey\u00bb][vc_row el_class=\u00bbprogram-banner\u00bb][vc_column][vc_column_text] Programa de Educaci\u00f3n: Formando a futuros l\u00edderes [\/vc_column_text][vc_btn title=\u00bbDonar\u00bb align=\u00bbcenter\u00bb link=\u00bburl:https%3A%2F%2Fhelpsintl.kindful.com%2F%3Fcampaign%3D1264217|title:Donate\u00bb][\/vc_column][\/vc_row][\/vc_section][vc_section<span class=\"excerpt-hellip\"> [\u2026]<\/span><\/p>\n","protected":false},"author":9,"featured_media":1477,"parent":0,"menu_order":0,"comment_status":"closed","ping_status":"closed","template":"","meta":{"footnotes":""},"class_list":["post-1475","page","type-page","status-publish","has-post-thumbnail","hentry"],"_links":{"self":[{"href":"https:\/\/www.helpsintl.org\/es\/wp-json\/wp\/v2\/pages\/1475","targetHints":{"allow":["GET"]}}],"collection":[{"href":"https:\/\/www.helpsintl.org\/es\/wp-json\/wp\/v2\/pages"}],"about":[{"href":"https:\/\/www.helpsintl.org\/es\/wp-json\/wp\/v2\/types\/page"}],"author":[{"embeddable":true,"href":"https:\/\/www.helpsintl.org\/es\/wp-json\/wp\/v2\/users\/9"}],"replies":[{"embeddable":true,"href":"https:\/\/www.helpsintl.org\/es\/wp-json\/wp\/v2\/comments?post=1475"}],"version-history":[{"count":0,"href":"https:\/\/www.helpsintl.org\/es\/wp-json\/wp\/v2\/pages\/1475\/revisions"}],"wp:featuredmedia":[{"embeddable":true,"href":"https:\/\/www.helpsintl.org\/es\/wp-json\/wp\/v2\/media\/1477"}],"wp:attachment":[{"href":"https:\/\/www.helpsintl.org\/es\/wp-json\/wp\/v2\/media?parent=1475"}],"curies":[{"name":"wp","href":"https:\/\/api.w.org\/{rel}","templated":true}]}}