
{"id":1795,"date":"2020-08-31T15:32:10","date_gmt":"2020-08-31T13:32:10","guid":{"rendered":"https:\/\/www.helpsintl.org\/ways-to-give\/"},"modified":"2025-04-28T17:35:31","modified_gmt":"2025-04-28T23:35:31","slug":"maneras-de-dar","status":"publish","type":"page","link":"https:\/\/www.helpsintl.org\/es\/maneras-de-dar\/","title":{"rendered":"Maneras de Dar"},"content":{"rendered":"<section class=\"wpb-content-wrapper\"><p>[vc_section full_width=\u00bbstretch_row_content\u00bb css=\u00bb.vc_custom_1745883328541{background-image: url(https:\/\/www.helpsintl.org\/wp-content\/uploads\/sites\/4\/2025\/04\/Portada-Ways-to-give-1-scaled-1.jpg?id=11132) !important;background-position: center !important;background-repeat: no-repeat !important;background-size: cover !important;}\u00bb el_id=\u00bbbanner\u00bb el_class=\u00bbsection-filter-grey\u00bb][vc_row][vc_column][vc_column_text]<\/p>\n<h1 style=\"text-align: center;\"><strong>Maneras de dar<\/strong><\/h1>\n<p>[\/vc_column_text][\/vc_column][\/vc_row][\/vc_section][vc_section][vc_row gap=\u00bb4&#8243; css=\u00bb.vc_custom_1598882520873{margin-top: 25px !important;margin-bottom: 15px !important;}\u00bb][vc_column width=\u00bb1\/3&#8243; css=\u00bb.vc_custom_1598882124369{border-top-width: 2px !important;border-right-width: 2px !important;border-bottom-width: 2px !important;border-left-width: 2px !important;border-left-color: #e67a00 !important;border-left-style: solid !important;border-right-color: #e67a00 !important;border-right-style: solid !important;border-top-color: #e67a00 !important;border-top-style: solid !important;border-bottom-color: #e67a00 !important;border-bottom-style: solid !important;border-radius: 25px !important;}\u00bb][vc_single_image image=\u00bb11131&#8243; img_size=\u00bb100&#215;100&#8243; alignment=\u00bbcenter\u00bb css=\u00bb.vc_custom_1745883035587{margin-bottom: -20px !important;}\u00bb][vc_column_text css=\u00bb.vc_custom_1598892147359{padding-bottom: 35px !important;}\u00bb]<\/p>\n<h3 style=\"text-align: center;\"><strong>VOLUNTARIADO<\/strong><\/h3>\n<p style=\"text-align: justify;\">Use su tiempo y talentos para apoyar una misi\u00f3n que le importa. Si se encuentra en las \u00e1reas de Dallas o Ciudad de Guatemala, cont\u00e1ctenos para saber c\u00f3mo puede ayudar con apoyo administrativo, recaudaci\u00f3n de fondos, marketing y eventos, o representando a HELPS International en eventos comunitarios como embajador voluntario.<span style=\"color: #ff6600;\"> <a style=\"color: #ff6600;\" href=\"mailto:info@helpsintl.org\">Escr\u00edbenos para conocer m\u00e1s.<\/a><\/span><\/p>\n<p>[\/vc_column_text][\/vc_column][vc_column width=\u00bb1\/3&#8243; css=\u00bb.vc_custom_1598886192607{border-top-width: 2px !important;border-right-width: 2px !important;border-bottom-width: 2px !important;border-left-width: 2px !important;border-left-color: #e67a00 !important;border-left-style: solid !important;border-right-color: #e67a00 !important;border-right-style: solid !important;border-top-color: #e67a00 !important;border-top-style: solid !important;border-bottom-color: #e67a00 !important;border-bottom-style: solid !important;border-radius: 25px !important;}\u00bb][vc_single_image image=\u00bb11129&#8243; img_size=\u00bb100&#215;100&#8243; alignment=\u00bbcenter\u00bb css=\u00bb.vc_custom_1745883067844{margin-bottom: -20px !important;}\u00bb][vc_column_text css=\u00bb.vc_custom_1598890827880{border-bottom-width: 2px !important;}\u00bb]<\/p>\n<h3 style=\"text-align: center;\"><strong>PATROCINA A UNA ALDEA<\/strong><\/h3>\n<p style=\"text-align: justify;\">Ayude a una aldea a eliminar el agua potable contaminada y la contaminaci\u00f3n del aire interior de las hogueras al financiar un proyecto de desarrollo comunitario para proporcionar estufas ONIL y filtros de agua en cada hogar. Los proyectos para toda la aldea comienzan en $ 10,000 y pueden costar $ 25,000 o m\u00e1s dependiendo de la geograf\u00eda y la poblaci\u00f3n. <a style=\"color: #ff6600;\" href=\"\/es\/contactanos\/\">Cont\u00e1ctenos para m\u00e1s informaci\u00f3n.<\/a><\/p>\n<p>[\/vc_column_text][\/vc_column][vc_column width=\u00bb1\/3&#8243; css=\u00bb.vc_custom_1598882200337{border-top-width: 2px !important;border-right-width: 2px !important;border-bottom-width: 2px !important;border-left-width: 2px !important;border-left-color: #e67a00 !important;border-left-style: solid !important;border-right-color: #e67a00 !important;border-right-style: solid !important;border-top-color: #e67a00 !important;border-top-style: solid !important;border-bottom-color: #e67a00 !important;border-bottom-style: solid !important;border-radius: 25px !important;}\u00bb][vc_single_image image=\u00bb1773&#8243; img_size=\u00bb\u00bb alignment=\u00bbcenter\u00bb css=\u00bb.vc_custom_1598886122393{margin-top: 43px !important;margin-bottom: -12px !important;}\u00bb][vc_column_text css=\u00bb.vc_custom_1598892160128{padding-bottom: 45px !important;}\u00bb]<\/p>\n<h3 style=\"text-align: center;\"><strong>AMAZON SMILE<\/strong><\/h3>\n<p style=\"text-align: justify;\">Amazon donar\u00e1 a HELPS International cuando compre con AmazonSmile. Simplemente haga clic en el enlace a continuaci\u00f3n para designar a HELPS International como su organizaci\u00f3n ben\u00e9fica de elecci\u00f3n y comience a comprar. Puede usar su cuenta habitual de Amazon y no le costar\u00e1 nada adicional. Es as\u00ed de simple. <span style=\"color: #ff6600;\"><a style=\"color: #ff6600;\" href=\"https:\/\/smile.amazon.com\/ap\/signin?_encoding=UTF8&amp;openid.assoc_handle=amzn_smile&amp;openid.claimed_id=http%3A%2F%2Fspecs.openid.net%2Fauth%2F2.0%2Fidentifier_select&amp;openid.identity=http%3A%2F%2Fspecs.openid.net%2Fauth%2F2.0%2Fidentifier_select&amp;openid.mode=checkid_setup&amp;openid.ns=http%3A%2F%2Fspecs.openid.net%2Fauth%2F2.0&amp;openid.ns.pape=http%3A%2F%2Fspecs.openid.net%2Fextensions%2Fpape%2F1.0&amp;openid.pape.max_auth_age=0&amp;openid.return_to=https%3A%2F%2Fsmile.amazon.com%2Fgp%2Fcharity%2Fhomepage.html%3Fie%3DUTF8%26newts%3D1%26orig%3DLw%253D%253D\">Haz clic aqu\u00ed.<\/a><\/span><\/p>\n<p>[\/vc_column_text][\/vc_column][\/vc_row][vc_row gap=\u00bb4&#8243; css=\u00bb.vc_custom_1598887690993{margin-top: 30px !important;margin-bottom: 30px !important;}\u00bb][vc_column width=\u00bb1\/3&#8243; css=\u00bb.vc_custom_1598887565325{border-top-width: 2px !important;border-right-width: 2px !important;border-bottom-width: 2px !important;border-left-width: 2px !important;border-left-color: #e67a00 !important;border-left-style: solid !important;border-right-color: #e67a00 !important;border-right-style: solid !important;border-top-color: #e67a00 !important;border-top-style: solid !important;border-bottom-color: #e67a00 !important;border-bottom-style: solid !important;border-radius: 25px !important;}\u00bb][vc_single_image image=\u00bb11127&#8243; img_size=\u00bb100&#215;100&#8243; alignment=\u00bbcenter\u00bb css=\u00bb.vc_custom_1745883101043{margin-bottom: -20px !important;}\u00bb][vc_column_text]<\/p>\n<h3 style=\"text-align: center;\"><strong>DA DE TU DIA<\/strong><\/h3>\n<p style=\"text-align: justify;\">\u00a1Celebre su d\u00eda especial cambiando vidas con sus amigos y familiares! Cuando les pida a sus seres queridos que donen a una gran causa en lugar de darles regalos para su cumplea\u00f1os, graduaci\u00f3n o boda, lo ayudaremos a crear una p\u00e1gina personalizada de financiamiento colectivo para rastrear el progreso de su equipo hacia la meta que estableci\u00f3.<span style=\"color: #ff6600;\"> <a style=\"color: #ff6600;\" href=\"\/es\/contactanos\/\">Cont\u00e1ctanos para m\u00e1s informaci\u00f3n.<\/a><\/span><\/p>\n<p>[\/vc_column_text][\/vc_column][vc_column width=\u00bb1\/3&#8243; css=\u00bb.vc_custom_1598887592465{border-top-width: 2px !important;border-right-width: 2px !important;border-bottom-width: 2px !important;border-left-width: 2px !important;border-left-color: #e67a00 !important;border-left-style: solid !important;border-right-color: #e67a00 !important;border-right-style: solid !important;border-top-color: #e67a00 !important;border-top-style: solid !important;border-bottom-color: #e67a00 !important;border-bottom-style: solid !important;border-radius: 25px !important;}\u00bb][vc_single_image image=\u00bb11125&#8243; img_size=\u00bb100&#215;100&#8243; alignment=\u00bbcenter\u00bb css=\u00bb.vc_custom_1745883109987{margin-bottom: -20px !important;}\u00bb][vc_column_text css=\u00bb.vc_custom_1598891462514{padding-bottom: 50px !important;}\u00bb]<\/p>\n<h3 style=\"text-align: center;\"><strong>HAZ UN EVENTO<\/strong><\/h3>\n<p style=\"text-align: justify;\">\u00a1Organice un evento divertido para que sus amigos y familiares corran la voz e involucren a m\u00e1s personas con HELPS! Nuestros seguidores han organizado eventos que van desde peque\u00f1as cenas hasta grandes torneos de golf. <span style=\"color: #ff6600;\"><a style=\"color: #ff6600;\" href=\"mailto:info@helpsintl.org\">Cu\u00e9ntenos sobre el evento que est\u00e1 planeando<\/a><\/span> y trabajaremos con usted para ayudarlo a que sea un \u00e9xito.<\/p>\n<p>[\/vc_column_text][\/vc_column][vc_column width=\u00bb1\/3&#8243; css=\u00bb.vc_custom_1598887717517{border-top-width: 2px !important;border-right-width: 2px !important;border-bottom-width: 2px !important;border-left-width: 2px !important;border-left-color: #e67a00 !important;border-left-style: solid !important;border-right-color: #e67a00 !important;border-right-style: solid !important;border-top-color: #e67a00 !important;border-top-style: solid !important;border-bottom-color: #e67a00 !important;border-bottom-style: solid !important;border-radius: 25px !important;}\u00bb][vc_single_image image=\u00bb11123&#8243; img_size=\u00bb100&#215;100&#8243; alignment=\u00bbcenter\u00bb css=\u00bb.vc_custom_1745883136219{margin-bottom: -20px !important;}\u00bb][vc_column_text css=\u00bb.vc_custom_1598891586897{padding-bottom: 23px !important;}\u00bb]<\/p>\n<h3 style=\"text-align: center;\"><strong>REGALOS A JUEGO<\/strong><\/h3>\n<p style=\"text-align: justify;\">Muchas empresas ofrecen igualar los regalos hechos por los empleados a organizaciones sin fines de lucro elegibles. \u00a1No dejes que tus regalos a juego se queden sin reclamar! Descubra si su empresa iguala las donaciones ben\u00e9ficas: es una manera f\u00e1cil de multiplicar su contribuci\u00f3n a HELPS International y cambiar m\u00e1s vidas. <span style=\"color: #ff6600;\"><a style=\"color: #ff6600;\" href=\"mailto:info@helpsintl.org\">Para m\u00e1s informaci\u00f3n escr\u00edbenos a info@helpsintl.org.<\/a><\/span><\/p>\n<p>[\/vc_column_text][\/vc_column][\/vc_row][vc_row gap=\u00bb4&#8243; css=\u00bb.vc_custom_1598888760922{margin-bottom: 40px !important;}\u00bb][vc_column width=\u00bb1\/3&#8243; css=\u00bb.vc_custom_1598887763013{border-top-width: 2px !important;border-right-width: 2px !important;border-bottom-width: 2px !important;border-left-width: 2px !important;border-left-color: #e67a00 !important;border-left-style: solid !important;border-right-color: #e67a00 !important;border-right-style: solid !important;border-top-color: #e67a00 !important;border-top-style: solid !important;border-bottom-color: #e67a00 !important;border-bottom-style: solid !important;border-radius: 25px !important;}\u00bb][vc_single_image image=\u00bb11121&#8243; img_size=\u00bb100&#215;100&#8243; alignment=\u00bbcenter\u00bb css=\u00bb.vc_custom_1745883164755{margin-bottom: -20px !important;}\u00bb][vc_column_text]<\/p>\n<h3 style=\"text-align: center;\"><strong>PATROCINAR UN ESTUDIANTE<\/strong><\/h3>\n<p>Tu generosidad permite que los ni\u00f1os de la remota aldea de Santa Avelina reciban una educaci\u00f3n de calidad en la escuela HELPS. Tu donaci\u00f3n ayudar\u00e1 a mantener la escuela equipada, con una biblioteca y un laboratorio de inform\u00e1tica, y proporcionar\u00e1 todo el material escolar necesario, libros en las lenguas ixil y espa\u00f1ol, meriendas saludables diarias, educaci\u00f3n b\u00edblica y profesores formados constantemente. <a style=\"color: #ff6600;\" href=\"\/contact-us\/\">Cont\u00e1ctanos para m\u00e1s informaci\u00f3n.<\/a>[\/vc_column_text][\/vc_column][vc_column width=\u00bb1\/3&#8243; css=\u00bb.vc_custom_1598887887021{border-top-width: 2px !important;border-right-width: 2px !important;border-bottom-width: 2px !important;border-left-width: 2px !important;border-left-color: #e67a00 !important;border-left-style: solid !important;border-right-color: #e67a00 !important;border-right-style: solid !important;border-top-color: #e67a00 !important;border-top-style: solid !important;border-bottom-color: #e67a00 !important;border-bottom-style: solid !important;border-radius: 25px !important;}\u00bb][vc_single_image image=\u00bb11119&#8243; img_size=\u00bb100&#215;100&#8243; alignment=\u00bbcenter\u00bb css=\u00bb.vc_custom_1745883173571{margin-bottom: -20px !important;}\u00bb][vc_column_text css=\u00bb.vc_custom_1715183264988{padding-bottom: 26px !important;}\u00bb]<\/p>\n<h3 style=\"text-align: center;\"><strong>DONACIONES EN ESPECIE<\/strong><\/h3>\n<p style=\"text-align: justify;\">HELPS acepta con gratitud ciertas donaciones en especie, en funci\u00f3n de las necesidades de los programas y de los gastos de env\u00edo. Hay una necesidad continua de material m\u00e9dico y dental desechable, equipos m\u00e9dicos y dentales, medicinas y material para profesores. Env\u00edenos un correo electr\u00f3nico a <a href=\"mailto:info@helpsintl.org\">info@helpsintl.org<\/a> si est\u00e1 interesado en hacer una donaci\u00f3n en especie.<\/p>\n<p>[\/vc_column_text][\/vc_column][vc_column width=\u00bb1\/3&#8243; css=\u00bb.vc_custom_1598887966160{border-top-width: 2px !important;border-right-width: 2px !important;border-bottom-width: 2px !important;border-left-width: 2px !important;border-left-color: #e67a00 !important;border-left-style: solid !important;border-right-color: #e67a00 !important;border-right-style: solid !important;border-top-color: #e67a00 !important;border-top-style: solid !important;border-bottom-color: #e67a00 !important;border-bottom-style: solid !important;border-radius: 25px !important;}\u00bb][vc_single_image image=\u00bb11117&#8243; img_size=\u00bb100&#215;100&#8243; alignment=\u00bbcenter\u00bb css=\u00bb.vc_custom_1745883194210{margin-bottom: -20px !important;}\u00bb][vc_column_text css=\u00bb.vc_custom_1598891979044{padding-bottom: 54px !important;}\u00bb]<\/p>\n<h3 style=\"text-align: center;\"><strong>REGALOS ACTIVOS<\/strong><\/h3>\n<p style=\"text-align: justify;\">HELPS acepta con gratitud ciertos activos que no son en efectivo, incluidos bienes ra\u00edces, acciones valoradas, activos IRA, p\u00f3lizas de seguro de vida y m\u00e1s. Si desea iniciar una conversaci\u00f3n sobre las donaciones planificadas a HELPS International, comun\u00edquese con nuestra oficina para obtener m\u00e1s informaci\u00f3n. <a style=\"color: #ff6600;\" href=\"\/es\/contactanos\/\">Cont\u00e1ctenos para m\u00e1s informaci\u00f3n.<\/a><\/p>\n<p>[\/vc_column_text][\/vc_column][\/vc_row][\/vc_section]<\/p>\n<\/section>","protected":false},"excerpt":{"rendered":"<p>[vc_section full_width=\u00bbstretch_row_content\u00bb css=\u00bb.vc_custom_1745883328541{background-image: url(https:\/\/www.helpsintl.org\/wp-content\/uploads\/sites\/4\/2025\/04\/Portada-Ways-to-give-1-scaled-1.jpg?id=11132) !important;background-position: center !important;background-repeat: no-repeat !important;background-size: cover !important;}\u00bb el_id=\u00bbbanner\u00bb el_class=\u00bbsection-filter-grey\u00bb][vc_row][vc_column][vc_column_text] Maneras de dar [\/vc_column_text][\/vc_column][\/vc_row][\/vc_section][vc_section][vc_row gap=\u00bb4&#8243; css=\u00bb.vc_custom_1598882520873{margin-top: 25px !important;margin-bottom: 15px !important;}\u00bb][vc_column width=\u00bb1\/3&#8243; css=\u00bb.vc_custom_1598882124369{border-top-width: 2px<span class=\"excerpt-hellip\"> [\u2026]<\/span><\/p>\n","protected":false},"author":1,"featured_media":0,"parent":0,"menu_order":0,"comment_status":"closed","ping_status":"closed","template":"","meta":{"footnotes":""},"class_list":["post-1795","page","type-page","status-publish","hentry"],"_links":{"self":[{"href":"https:\/\/www.helpsintl.org\/es\/wp-json\/wp\/v2\/pages\/1795","targetHints":{"allow":["GET"]}}],"collection":[{"href":"https:\/\/www.helpsintl.org\/es\/wp-json\/wp\/v2\/pages"}],"about":[{"href":"https:\/\/www.helpsintl.org\/es\/wp-json\/wp\/v2\/types\/page"}],"author":[{"embeddable":true,"href":"https:\/\/www.helpsintl.org\/es\/wp-json\/wp\/v2\/users\/1"}],"replies":[{"embeddable":true,"href":"https:\/\/www.helpsintl.org\/es\/wp-json\/wp\/v2\/comments?post=1795"}],"version-history":[{"count":0,"href":"https:\/\/www.helpsintl.org\/es\/wp-json\/wp\/v2\/pages\/1795\/revisions"}],"wp:attachment":[{"href":"https:\/\/www.helpsintl.org\/es\/wp-json\/wp\/v2\/media?parent=1795"}],"curies":[{"name":"wp","href":"https:\/\/api.w.org\/{rel}","templated":true}]}}