
{"id":2216,"date":"2021-09-10T20:03:57","date_gmt":"2021-09-10T18:03:57","guid":{"rendered":"https:\/\/www.helpsintl.org\/?page_id=2216"},"modified":"2024-05-13T10:35:41","modified_gmt":"2024-05-13T16:35:41","slug":"onil","status":"publish","type":"page","link":"https:\/\/www.helpsintl.org\/es\/onil\/","title":{"rendered":"ONIL"},"content":{"rendered":"<section class=\"wpb-content-wrapper\"><p>[vc_section full_width=\u00bbstretch_row\u00bb content_placement=\u00bbmiddle\u00bb css=\u00bb.vc_custom_1631296967299{background-image: url(https:\/\/www.helpsintl.org\/wp-content\/uploads\/sites\/4\/2020\/07\/helpsinnewsbanner.jpg?id=1042) !important;}\u00bb el_id=\u00bbbanner\u00bb el_class=\u00bbsection-filter-grey\u00bb][vc_row el_class=\u00bbprogram-banner\u00bb][vc_column][vc_column_text]<\/p>\n<h2 style=\"text-align: center\"><span style=\"color: #ffffff\"><strong>ONIL<\/strong><\/span><\/h2>\n<p>[\/vc_column_text][\/vc_column][\/vc_row][\/vc_section][vc_section content_placement=\u00bbmiddle\u00bb el_class=\u00bbinformacion-general\u00bb][vc_row][vc_column width=\u00bb3\/4&#8243;][vc_column_text css=\u00bb.vc_custom_1631297122683{padding-right: 25px !important;padding-left: 25px !important;}\u00bb]<\/p>\n<h2 style=\"text-align: center\">Estufas ONIL<\/h2>\n<p>Se ha demostrado en varios estudios que la exposicio\u0301n al humo en fuegos abiertos dentro de un hogar es una de las principales causas de enfermedades respiratorias.<\/p>\n<p>La mayori\u0301a de las sustancias contenidas en el humo emitido por combustibles biolo\u0301gicos (carbo\u0301n, len\u0303a, residuos de cosechas, estie\u0301rcol de animal, etc.) pueden dan\u0303ar la salud del ser humano, siendo las parti\u0301culas ma\u0301s importantes: mono\u0301xido de carbono, o\u0301xido nitroso, o\u0301xidos de azufre (principalmente en el carbo\u0301n), formaldehi\u0301do y materia orga\u0301nica poli ci\u0301clica (suelen ocasionar ca\u0301ncer).<\/p>\n<p>Las parti\u0301culas cuyo dia\u0301metro es menor a 10 micras, principalmente aquellas con dia\u0301metro menor a 2.5 micras, pueden penetrar profundamente en los tejidos del pulmo\u0301n y son las que ocasionan el mayor dan\u0303o a la salud.[\/vc_column_text][\/vc_column][vc_column width=\u00bb1\/4&#8243;][vc_single_image image=\u00bb2232&#8243; img_size=\u00bbmedium\u00bb alignment=\u00bbcenter\u00bb][\/vc_column][\/vc_row][\/vc_section][vc_section full_width=\u00bbstretch_row\u00bb el_class=\u00bbsection-bg-gray section-md-padding video-program\u00bb][vc_row][vc_column width=\u00bb1\/4&#8243;][vc_single_image image=\u00bb2223&#8243; img_size=\u00bb200&#215;400&#8243; alignment=\u00bbcenter\u00bb][\/vc_column][vc_column width=\u00bb3\/4&#8243;][vc_column_text css=\u00bb.vc_custom_1631297169961{margin-top: 90px !important;padding-right: 25px !important;padding-left: 25px !important;}\u00bb]<\/p>\n<h2>Ventajas y Beneficios:<\/h2>\n<p>\u2022 Disminucio\u0301n de hasta un 70% del consumo de len\u0303a, ayudando asi\u0301 a la conservacio\u0301n del bosque.<br \/>\n\u2022 Ahorrar tiempo y dinero, como se reduce el consumo de len\u0303a se destina menos tiempo a la recoleccio\u0301n o dinero para comprarla.<br \/>\n\u2022 Reducir la irritacio\u0301n de los ojos o las enfermedades respiratorias porque elimina el humo de la cocina.<br \/>\n\u2022 Aumento del autoestima y empoderamiento de las mujeres.<br \/>\n\u2022 Gran duracio\u0301n, usa\u0301ndola adecuadamente y proporciona\u0301ndole un buen mantenimiento puede durar ma\u0301s de 20 an\u0303os.<br \/>\n\u2022 Se instala en so\u0301lo 40 minutos e inmediatamente puede usarse.<br \/>\n\u2022 Es segura y previene accidentes.<\/p>\n<p>\u2022 It can be installed in just 40 minutes and can be used immediately.<br \/>\n\u2022 It is safe and prevents accidents.[\/vc_column_text][\/vc_column][\/vc_row][\/vc_section][vc_section el_class=\u00bbprogram-testimonials\u00bb][vc_row el_class=\u00bbtestimoniales-programas\u00bb][vc_column][vc_single_image image=\u00bb2225&#8243; img_size=\u00bb400&#215;250&#8243; alignment=\u00bbcenter\u00bb][vc_column_text css=\u00bb.vc_custom_1631297256713{margin-top: 30px !important;padding-right: 25px !important;padding-left: 25px !important;}\u00bb]<\/p>\n<h2 style=\"text-align: center\">Purificador de agua ONIL<\/h2>\n<p>Los filtros purificadores de agua ONIL fueron inicialmente dise\u00f1ados para brindar una soluci\u00f3n pr\u00e1ctica a las necesidades del consumo diario de agua pura, en las \u00e1reas rurales de Guatemala, donde la escasez de agua y el alto costo de adquirirla se ha vuelto un problema.<\/p>\n<p>Utilizando componentes de la mas alta calidad y tecnolog\u00eda a un precio accesible, las candelas de cer\u00e1mica con carb\u00f3n activado y plata coloidal que utiliza el filtro ONIL, est\u00e1n dise\u00f1adas para atrapar bacterias peligrosas causantes de enfermedades como el c\u00f3lera y la disenter\u00eda.<\/p>\n<p><strong>Ventajas y Beneficios:<\/strong><\/p>\n<p>\u2022 Eficiencia de 99.99%.<br \/>\n\u2022 Reduccio\u0301n del consumo de len\u0303a debido a que no hay necesidad en hervir el agua.<br \/>\n\u2022 Salud para la familia a bajo costo.<br \/>\n\u2022 Reduce la turbiedad del agua, con una eficiencia mayor de 99.7%.<br \/>\n\u2022 Remueve par\u00e1sitos y bacterias pat\u00f3genas como: E.coli, Klebsiella, C\u00f3lera, Shigella, Salmonella y Giardia.[\/vc_column_text][\/vc_column][\/vc_row][\/vc_section][vc_row][vc_column][vc_btn title=\u00bbM\u00e1s Informaci\u00f3n \u00bb size=\u00bblg\u00bb align=\u00bbcenter\u00bb link=\u00bburl:mailto%3Acomunicaciones%40helpsinternational.com|title:M%C3%A1s%20Informaci%C3%B3n\u00bb][\/vc_column][\/vc_row]<\/p>\n<\/section>","protected":false},"excerpt":{"rendered":"<p>[vc_section full_width=\u00bbstretch_row\u00bb content_placement=\u00bbmiddle\u00bb css=\u00bb.vc_custom_1631296967299{background-image: url(https:\/\/www.helpsintl.org\/wp-content\/uploads\/sites\/4\/2020\/07\/helpsinnewsbanner.jpg?id=1042) !important;}\u00bb el_id=\u00bbbanner\u00bb el_class=\u00bbsection-filter-grey\u00bb][vc_row el_class=\u00bbprogram-banner\u00bb][vc_column][vc_column_text] ONIL [\/vc_column_text][\/vc_column][\/vc_row][\/vc_section][vc_section content_placement=\u00bbmiddle\u00bb el_class=\u00bbinformacion-general\u00bb][vc_row][vc_column width=\u00bb3\/4&#8243;][vc_column_text css=\u00bb.vc_custom_1631297122683{padding-right: 25px !important;padding-left: 25px !important;}\u00bb] Estufas ONIL Se ha demostrado en varios<span class=\"excerpt-hellip\"> [\u2026]<\/span><\/p>\n","protected":false},"author":1,"featured_media":1463,"parent":0,"menu_order":0,"comment_status":"closed","ping_status":"closed","template":"","meta":{"footnotes":""},"class_list":["post-2216","page","type-page","status-publish","has-post-thumbnail","hentry"],"_links":{"self":[{"href":"https:\/\/www.helpsintl.org\/es\/wp-json\/wp\/v2\/pages\/2216","targetHints":{"allow":["GET"]}}],"collection":[{"href":"https:\/\/www.helpsintl.org\/es\/wp-json\/wp\/v2\/pages"}],"about":[{"href":"https:\/\/www.helpsintl.org\/es\/wp-json\/wp\/v2\/types\/page"}],"author":[{"embeddable":true,"href":"https:\/\/www.helpsintl.org\/es\/wp-json\/wp\/v2\/users\/1"}],"replies":[{"embeddable":true,"href":"https:\/\/www.helpsintl.org\/es\/wp-json\/wp\/v2\/comments?post=2216"}],"version-history":[{"count":0,"href":"https:\/\/www.helpsintl.org\/es\/wp-json\/wp\/v2\/pages\/2216\/revisions"}],"wp:featuredmedia":[{"embeddable":true,"href":"https:\/\/www.helpsintl.org\/es\/wp-json\/wp\/v2\/media\/1463"}],"wp:attachment":[{"href":"https:\/\/www.helpsintl.org\/es\/wp-json\/wp\/v2\/media?parent=2216"}],"curies":[{"name":"wp","href":"https:\/\/api.w.org\/{rel}","templated":true}]}}