
{"id":9116,"date":"2024-09-23T14:14:25","date_gmt":"2024-09-23T20:14:25","guid":{"rendered":"https:\/\/www.helpsintl.org\/?page_id=9116"},"modified":"2024-10-09T12:05:48","modified_gmt":"2024-10-09T18:05:48","slug":"evento","status":"publish","type":"page","link":"https:\/\/www.helpsintl.org\/es\/evento\/","title":{"rendered":"Evento"},"content":{"rendered":"<section class=\"wpb-content-wrapper\"><p>[vc_row full_width=\u00bbstretch_row\u00bb el_class=\u00bbbanner\u00bb][vc_column][vc_single_image image=\u00bb9379&#8243; img_size=\u00bb2008&#215;1476&#8243;][vc_column_text el_class=\u00bbhorarioEvento\u00bb]<\/p>\n<h2 style=\"text-align: left\"><b>Concierto y Cena de Gala<\/b><\/h2>\n<h1 style=\"text-align: left\">CELEBRANDO EL CAMBIO DE VIDAS<\/h1>\n<p>Disfruta del arte de la m\u00fasica con el maestro Mario Chang mientras Cambias Vidas!<\/p>\n<p>&nbsp;<\/p>\n<h3><strong>Fecha y Hora:<\/strong><\/h3>\n<p>S\u00e1bado 26 de diciembre de 2024. 6pm<\/p>\n<p>&nbsp;<\/p>\n<h3><strong>Ubicaci\u00f3n:<\/strong><\/h3>\n<p>Centro de Convenciones Santo Domingo del Cerro, Antigua Guatemala<\/p>\n<p>&nbsp;<\/p>\n<p>Reservaciones: 2428-6600 \/ +502 5207-0067<\/p>\n<p>comunicaciones@helpsinternational.com[\/vc_column_text][\/vc_column][\/vc_row][vc_row full_width=\u00bbstretch_row_content_no_spaces\u00bb][vc_column][vc_column_text]<\/p>\n<h3><strong><br \/>\nAcerca de este evento:<\/strong><\/h3>\n<p>El tiempo ha pasado volando para los voluntarios, patrocinadores y beneficiarios de HELPS. Parece que fue ayer cuando llegu\u00e9 al Tri\u00e1ngulo IXIL de Guatemala y conoc\u00ed a Paul Townsend. A partir de ese primer \u201cEncuentro\u201d y por la Gracia de Dios, HELPS se ha embarcado en una misi\u00f3n transformadora que ahora involucra a miles de voluntarios y programas en educaci\u00f3n, desarrollo del hogar, econom\u00eda y medicina.<\/p>\n<p>Este esfuerzo ha impactado las vidas de miles de guatemaltecos y de todos los partidarios y voluntarios que han venido a servir en este magn\u00edfico lugar. \u00bfY ADIVINA QU\u00c9? \u00a1Queremos celebrar este hito de 40 a\u00f1os con todos ustedes!<\/p>\n<p>Estamos invitando a toda nuestra familia HELPS que pueda reunirse, a regresar a Guatemala, la ciudad colonial m\u00e1s grande del mundo, Antigua Guatemala, este 26 de octubre de 2024. La ciudad nos ha abierto los brazos para una maravillosa velada musical con Mario Chan y su orquesta. Los llamo los Andrea Bocelli de Guatemala. Est\u00e1n orgullosos de llamar a Guatemala su hogar y son todos nuestros para esta noche. Estamos ansiosos por escucharlos, y espero que todos los que puedan venir sientan lo mismo.<\/p>\n<p>Obtenga sus boletos lo antes posible, y para los que vienen de Estados Unidos, reserve esos vuelos pronto. \u00a1Nuestras oficinas en Dallas y Ciudad de Guatemala est\u00e1n aqu\u00ed para servirle![\/vc_column_text][\/vc_column][\/vc_row][vc_row][vc_column][vc_column_text]<\/p>\n<h3><b>Nuestro Patrocinador<\/b><\/h3>\n<p>[\/vc_column_text][vc_row_inner el_class=\u00bborganizator\u00bb][vc_column_inner][vc_single_image image=\u00bb6502&#8243;][vc_single_image image=\u00bb6500&#8243;][\/vc_column_inner][\/vc_row_inner][\/vc_column][\/vc_row][vc_row full_width=\u00bbstretch_row_content_no_spaces\u00bb][vc_column][vc_gmaps link=\u00bb#E-8_JTNDaWZyYW1lJTIwc3JjJTNEJTIyaHR0cHMlM0ElMkYlMkZ3d3cuZ29vZ2xlLmNvbSUyRm1hcHMlMkZlbWJlZCUzRnBiJTNEJTIxMW0xOCUyMTFtMTIlMjExbTMlMjExZDE1NDQ2Ljg0MDQzNjc0MjQ4MSUyMTJkLTkwLjcyNTQ0NDAzNzE1MTc5JTIxM2QxNC41NTg1NjMwMjgxODQ4MDUlMjEybTMlMjExZjAlMjEyZjAlMjEzZjAlMjEzbTIlMjExaTEwMjQlMjEyaTc2OCUyMTRmMTMuMSUyMTNtMyUyMTFtMiUyMTFzMHg4NTg5MGYyZjljNWViYzgxJTI1M0EweGVhNTUzMDQ5MGE1NDA4ZjIlMjEyc1NhbnRvJTI1MjBEb21pbmdvJTI1MjBkZWwlMjUyMENlcnJvJTIxNWUwJTIxM20yJTIxMXNlcyUyMTJzcGUlMjE0djE3MjcxMjc3NDU0MDAlMjE1bTIlMjExc2VzJTIxMnNwZSUyMiUyMHdpZHRoJTNEJTIyNjAwJTIyJTIwaGVpZ2h0JTNEJTIyNDUwJTIyJTIwc3R5bGUlM0QlMjJib3JkZXIlM0EwJTNCJTIyJTIwYWxsb3dmdWxsc2NyZWVuJTNEJTIyJTIyJTIwbG9hZGluZyUzRCUyMmxhenklMjIlMjByZWZlcnJlcnBvbGljeSUzRCUyMm5vLXJlZmVycmVyLXdoZW4tZG93bmdyYWRlJTIyJTNFJTNDJTJGaWZyYW1lJTNF\u00bb][\/vc_column][\/vc_row]<\/p>\n<\/section>","protected":false},"excerpt":{"rendered":"<p>[vc_row full_width=\u00bbstretch_row\u00bb el_class=\u00bbbanner\u00bb][vc_column][vc_single_image image=\u00bb9379&#8243; img_size=\u00bb2008&#215;1476&#8243;][vc_column_text el_class=\u00bbhorarioEvento\u00bb] Concierto y Cena de Gala CELEBRANDO EL CAMBIO DE VIDAS Disfruta del arte de la m\u00fasica con el maestro Mario<span class=\"excerpt-hellip\"> [\u2026]<\/span><\/p>\n","protected":false},"author":1,"featured_media":0,"parent":0,"menu_order":0,"comment_status":"closed","ping_status":"closed","template":"","meta":{"footnotes":""},"class_list":["post-9116","page","type-page","status-publish","hentry"],"_links":{"self":[{"href":"https:\/\/www.helpsintl.org\/es\/wp-json\/wp\/v2\/pages\/9116","targetHints":{"allow":["GET"]}}],"collection":[{"href":"https:\/\/www.helpsintl.org\/es\/wp-json\/wp\/v2\/pages"}],"about":[{"href":"https:\/\/www.helpsintl.org\/es\/wp-json\/wp\/v2\/types\/page"}],"author":[{"embeddable":true,"href":"https:\/\/www.helpsintl.org\/es\/wp-json\/wp\/v2\/users\/1"}],"replies":[{"embeddable":true,"href":"https:\/\/www.helpsintl.org\/es\/wp-json\/wp\/v2\/comments?post=9116"}],"version-history":[{"count":0,"href":"https:\/\/www.helpsintl.org\/es\/wp-json\/wp\/v2\/pages\/9116\/revisions"}],"wp:attachment":[{"href":"https:\/\/www.helpsintl.org\/es\/wp-json\/wp\/v2\/media?parent=9116"}],"curies":[{"name":"wp","href":"https:\/\/api.w.org\/{rel}","templated":true}]}}